{"id":846,"date":"2025-04-28T10:27:21","date_gmt":"2025-04-28T10:27:21","guid":{"rendered":"https:\/\/freier-redner-thomas-daamen.de\/?page_id=846"},"modified":"2025-10-25T13:57:02","modified_gmt":"2025-10-25T13:57:02","slug":"jubilaeum-meilenstein-und-mehr","status":"publish","type":"page","link":"https:\/\/freier-redner-thomas-daamen.de\/en\/jubilaeum-meilenstein-und-mehr\/","title":{"rendered":"Grund zu Feiern: Jubil\u00e4um, Meilenstein &#038; Co."},"content":{"rendered":"<figure class=\"wp-block-image\"><img loading=\"lazy\" decoding=\"async\" width=\"1906\" height=\"539\" src=\"https:\/\/freier-redner-thomas-daamen.de\/wp-content\/uploads\/2025\/05\/gartenparty-meilenstein.jpg\" alt=\"\" class=\"wp-image-913\" srcset=\"https:\/\/freier-redner-thomas-daamen.de\/wp-content\/uploads\/2025\/05\/gartenparty-meilenstein.jpg 1906w, https:\/\/freier-redner-thomas-daamen.de\/wp-content\/uploads\/2025\/05\/gartenparty-meilenstein-300x85.jpg 300w, https:\/\/freier-redner-thomas-daamen.de\/wp-content\/uploads\/2025\/05\/gartenparty-meilenstein-1024x290.jpg 1024w, https:\/\/freier-redner-thomas-daamen.de\/wp-content\/uploads\/2025\/05\/gartenparty-meilenstein-768x217.jpg 768w, https:\/\/freier-redner-thomas-daamen.de\/wp-content\/uploads\/2025\/05\/gartenparty-meilenstein-1536x434.jpg 1536w, https:\/\/freier-redner-thomas-daamen.de\/wp-content\/uploads\/2025\/05\/gartenparty-meilenstein-18x5.jpg 18w\" sizes=\"auto, (max-width: 1906px) 100vw, 1906px\" \/><\/figure>\n\n\n\n<h1 class=\"wp-block-heading\">Reason to celebrate: Anniversary, milestones &amp; co.<\/h1>\n\n\n\n<p>Every milestone in life, every anniversary tells its own story. Whether it's love that has grown over many years and is reflected in a wedding anniversary or in your desire to renew your wedding vows. Or a milestone birthday of a loved one, which marks the achievement of a very special stage in life. Such moments are a gift\u2014and deserve to be celebrated.<br>I would be happy to support you as a professional public speaker and celebrant at your anniversary celebration and make the event an unforgettable experience.<\/p>\n\n\n\n<figure class=\"wp-block-image size-full\"><img loading=\"lazy\" decoding=\"async\" width=\"1279\" height=\"853\" src=\"https:\/\/freier-redner-thomas-daamen.de\/wp-content\/uploads\/2025\/04\/feier-jubilaeum.jpg\" alt=\"\" class=\"wp-image-847\"\/><\/figure>\n\n\n\n<p>As a independent speaker, I will help you to make this day lively and unforgettable. Together we will let your stories and memories shine through, creating an occasion that reflects what you have experienced and created. With humor, depth and authenticity, far away from standardized words, but completely in line with your character.<\/p>\n\n\n\n<p>Such occasions remind us how rich life is in encounters, experiences and small wonders - and that it is nice to pause and celebrate together. Whether festive or light, full of laughter or touching - I will find the words to capture this moment and share it with your guests. The people who are part of your journey will feel connected to you and have fond memories of the celebration.<\/p>\n\n\n\n<figure class=\"wp-block-image size-large\"><img loading=\"lazy\" decoding=\"async\" width=\"1280\" height=\"1280\" src=\"https:\/\/freier-redner-thomas-daamen.de\/wp-content\/uploads\/2025\/04\/feier-jubilaeum-meilenstein-sektempfang-edited.jpg\" alt=\"\" class=\"wp-image-849\" srcset=\"https:\/\/freier-redner-thomas-daamen.de\/wp-content\/uploads\/2025\/04\/feier-jubilaeum-meilenstein-sektempfang-edited.jpg 1280w, https:\/\/freier-redner-thomas-daamen.de\/wp-content\/uploads\/2025\/04\/feier-jubilaeum-meilenstein-sektempfang-edited-300x300.jpg 300w, https:\/\/freier-redner-thomas-daamen.de\/wp-content\/uploads\/2025\/04\/feier-jubilaeum-meilenstein-sektempfang-edited-1024x1024.jpg 1024w, https:\/\/freier-redner-thomas-daamen.de\/wp-content\/uploads\/2025\/04\/feier-jubilaeum-meilenstein-sektempfang-edited-150x150.jpg 150w, https:\/\/freier-redner-thomas-daamen.de\/wp-content\/uploads\/2025\/04\/feier-jubilaeum-meilenstein-sektempfang-edited-768x768.jpg 768w, https:\/\/freier-redner-thomas-daamen.de\/wp-content\/uploads\/2025\/04\/feier-jubilaeum-meilenstein-sektempfang-edited-12x12.jpg 12w\" sizes=\"auto, (max-width: 1280px) 100vw, 1280px\" \/><\/figure>\n\n\n\n<h2 class=\"wp-block-heading\">As celebrant and professional public speaker at your anniversary celebration<\/h2>\n\n\n\n<ul class=\"wp-block-list\">\n<li>Before the event, we hold two preliminary meetings - in Munich or online. The initial meeting can be arranged at short notice and is non-binding for you - after that, you decide whether we should work together.<\/li>\n\n\n\n<li>I advise you on the celebration and its realization, always keeping your wishes in mind.<\/li>\n\n\n\n<li>I will be happy to answer any questions you may have until the ceremony.<\/li>\n\n\n\n<li>I lead and moderate the celebration, naturally including a customized speech to mark the anniversary or milestone.<\/li>\n\n\n\n<li>On request, I can also guide you through the event in German and Italian.<\/li>\n\n\n\n<li>Full house? Don't worry, thanks to my sound system everyone in the room is guaranteed to hear me.<\/li>\n<\/ul>\n\n\n\n<div class=\"wp-block-buttons is-layout-flex wp-block-buttons-is-layout-flex\">\n<div class=\"wp-block-button\"><a class=\"wp-block-button__link wp-element-button\" href=\"https:\/\/freier-redner-thomas-daamen.de\/en\/kontakt\/\">WANT TO CELEBRATE? CONTACT ME WITHOUT OBLIGATION!<\/a><\/div>\n<\/div>","protected":false},"excerpt":{"rendered":"<p>Grund zu Feiern: Jubil\u00e4um, Meilensteine &amp; Co. Jeder Lebensmeilenstein, jedes Jubil\u00e4um erz\u00e4hlt eine eigene Geschichte. Sei es die Liebe, die \u00fcber viele Jahre gewachsen ist und sich in einem Ehejubil\u00e4um oder in Eurem Wunsch zeigt, einander das Eheversprechen zu erneuern. Oder ein Meilensteingeburtstag eines Angeh\u00f6rigen, der f\u00fcr das Erreichen eines ganz besonderen Lebensabschnitts steht. Solche [&hellip;]<\/p>\n","protected":false},"author":2,"featured_media":0,"parent":0,"menu_order":0,"comment_status":"closed","ping_status":"closed","template":"","meta":{"footnotes":""},"class_list":["post-846","page","type-page","status-publish","hentry"],"yoast_head":"<!-- This site is optimized with the Yoast SEO plugin v27.3 - https:\/\/yoast.com\/product\/yoast-seo-wordpress\/ -->\n<title>Grund zu Feiern: Jubil\u00e4um, Meilenstein &amp; Co. in M\u00fcnchen &amp; Bayern - Thomas Daamen | Zertifizierter Freier Redner (ZFR) | Freier Redner (IHK)<\/title>\n<meta name=\"description\" content=\"Feiern Sie Lebensmeilenstein, der Ihre Geschichte erz\u00e4hlt: mit einer Rede zum Jubil\u00e4um vom Redner Thomas voller Authentizit\u00e4t und Emotion.\" \/>\n<meta name=\"robots\" content=\"index, follow, max-snippet:-1, max-image-preview:large, max-video-preview:-1\" \/>\n<link rel=\"canonical\" href=\"https:\/\/freier-redner-thomas-daamen.de\/en\/jubilaeum-meilenstein-und-mehr\/\" \/>\n<meta property=\"og:locale\" content=\"en_US\" \/>\n<meta property=\"og:type\" content=\"article\" \/>\n<meta property=\"og:title\" content=\"Grund zu Feiern: Jubil\u00e4um, Meilenstein &amp; Co. in M\u00fcnchen &amp; Bayern - Thomas Daamen | Zertifizierter Freier Redner (ZFR) | Freier Redner (IHK)\" \/>\n<meta property=\"og:description\" content=\"Feiern Sie Lebensmeilenstein, der Ihre Geschichte erz\u00e4hlt: mit einer Rede zum Jubil\u00e4um vom Redner Thomas voller Authentizit\u00e4t und Emotion.\" \/>\n<meta property=\"og:url\" content=\"https:\/\/freier-redner-thomas-daamen.de\/en\/jubilaeum-meilenstein-und-mehr\/\" \/>\n<meta property=\"og:site_name\" content=\"Thomas Daamen | Zertifizierter Freier Redner (ZFR) | Freier Redner (IHK)\" \/>\n<meta property=\"article:publisher\" content=\"https:\/\/www.facebook.com\/thomas.daamen.14\" \/>\n<meta property=\"article:modified_time\" content=\"2025-10-25T13:57:02+00:00\" \/>\n<meta property=\"og:image\" content=\"https:\/\/freier-redner-thomas-daamen.de\/wp-content\/uploads\/2025\/05\/gartenparty-meilenstein.jpg\" \/>\n\t<meta property=\"og:image:width\" content=\"1906\" \/>\n\t<meta property=\"og:image:height\" content=\"539\" \/>\n\t<meta property=\"og:image:type\" content=\"image\/jpeg\" \/>\n<meta name=\"twitter:card\" content=\"summary_large_image\" \/>\n<meta name=\"twitter:label1\" content=\"Est. reading time\" \/>\n\t<meta name=\"twitter:data1\" content=\"3 minutes\" \/>\n<script type=\"application\/ld+json\" class=\"yoast-schema-graph\">{\"@context\":\"https:\\\/\\\/schema.org\",\"@graph\":[{\"@type\":\"WebPage\",\"@id\":\"https:\\\/\\\/freier-redner-thomas-daamen.de\\\/jubilaeum-meilenstein-und-mehr\\\/\",\"url\":\"https:\\\/\\\/freier-redner-thomas-daamen.de\\\/jubilaeum-meilenstein-und-mehr\\\/\",\"name\":\"Grund zu Feiern: Jubil\u00e4um, Meilenstein & Co. in M\u00fcnchen & Bayern - Thomas Daamen | Zertifizierter Freier Redner (ZFR) | Freier Redner (IHK)\",\"isPartOf\":{\"@id\":\"https:\\\/\\\/freier-redner-thomas-daamen.de\\\/#website\"},\"primaryImageOfPage\":{\"@id\":\"https:\\\/\\\/freier-redner-thomas-daamen.de\\\/jubilaeum-meilenstein-und-mehr\\\/#primaryimage\"},\"image\":{\"@id\":\"https:\\\/\\\/freier-redner-thomas-daamen.de\\\/jubilaeum-meilenstein-und-mehr\\\/#primaryimage\"},\"thumbnailUrl\":\"https:\\\/\\\/freier-redner-thomas-daamen.de\\\/wp-content\\\/uploads\\\/2025\\\/05\\\/gartenparty-meilenstein.jpg\",\"datePublished\":\"2025-04-28T10:27:21+00:00\",\"dateModified\":\"2025-10-25T13:57:02+00:00\",\"description\":\"Feiern Sie Lebensmeilenstein, der Ihre Geschichte erz\u00e4hlt: mit einer Rede zum Jubil\u00e4um vom Redner Thomas voller Authentizit\u00e4t und Emotion.\",\"breadcrumb\":{\"@id\":\"https:\\\/\\\/freier-redner-thomas-daamen.de\\\/jubilaeum-meilenstein-und-mehr\\\/#breadcrumb\"},\"inLanguage\":\"en-US\",\"potentialAction\":[{\"@type\":\"ReadAction\",\"target\":[\"https:\\\/\\\/freier-redner-thomas-daamen.de\\\/jubilaeum-meilenstein-und-mehr\\\/\"]}]},{\"@type\":\"ImageObject\",\"inLanguage\":\"en-US\",\"@id\":\"https:\\\/\\\/freier-redner-thomas-daamen.de\\\/jubilaeum-meilenstein-und-mehr\\\/#primaryimage\",\"url\":\"https:\\\/\\\/freier-redner-thomas-daamen.de\\\/wp-content\\\/uploads\\\/2025\\\/05\\\/gartenparty-meilenstein.jpg\",\"contentUrl\":\"https:\\\/\\\/freier-redner-thomas-daamen.de\\\/wp-content\\\/uploads\\\/2025\\\/05\\\/gartenparty-meilenstein.jpg\"},{\"@type\":\"BreadcrumbList\",\"@id\":\"https:\\\/\\\/freier-redner-thomas-daamen.de\\\/jubilaeum-meilenstein-und-mehr\\\/#breadcrumb\",\"itemListElement\":[{\"@type\":\"ListItem\",\"position\":1,\"name\":\"Startseite\",\"item\":\"https:\\\/\\\/freier-redner-thomas-daamen.de\\\/\"},{\"@type\":\"ListItem\",\"position\":2,\"name\":\"Grund zu Feiern: Jubil\u00e4um, Meilenstein &#038; Co.\"}]},{\"@type\":\"WebSite\",\"@id\":\"https:\\\/\\\/freier-redner-thomas-daamen.de\\\/#website\",\"url\":\"https:\\\/\\\/freier-redner-thomas-daamen.de\\\/\",\"name\":\"Thomas Daamen | Zertifizierter Freier Redner (ZFR) | Freier Redner (IHK)\",\"description\":\"Hochzeitsredner Trauredner Trauerredner in M&uuml;nchen und Bayern\",\"publisher\":{\"@id\":\"https:\\\/\\\/freier-redner-thomas-daamen.de\\\/#\\\/schema\\\/person\\\/0905f51c6fa3b02c1828397d130b28c6\"},\"potentialAction\":[{\"@type\":\"SearchAction\",\"target\":{\"@type\":\"EntryPoint\",\"urlTemplate\":\"https:\\\/\\\/freier-redner-thomas-daamen.de\\\/?s={search_term_string}\"},\"query-input\":{\"@type\":\"PropertyValueSpecification\",\"valueRequired\":true,\"valueName\":\"search_term_string\"}}],\"inLanguage\":\"en-US\"},{\"@type\":[\"Person\",\"Organization\"],\"@id\":\"https:\\\/\\\/freier-redner-thomas-daamen.de\\\/#\\\/schema\\\/person\\\/0905f51c6fa3b02c1828397d130b28c6\",\"name\":\"admin\",\"image\":{\"@type\":\"ImageObject\",\"inLanguage\":\"en-US\",\"@id\":\"https:\\\/\\\/freier-redner-thomas-daamen.de\\\/wp-content\\\/uploads\\\/2025\\\/05\\\/cropped-favicon_TD.png\",\"url\":\"https:\\\/\\\/freier-redner-thomas-daamen.de\\\/wp-content\\\/uploads\\\/2025\\\/05\\\/cropped-favicon_TD.png\",\"contentUrl\":\"https:\\\/\\\/freier-redner-thomas-daamen.de\\\/wp-content\\\/uploads\\\/2025\\\/05\\\/cropped-favicon_TD.png\",\"width\":512,\"height\":512,\"caption\":\"admin\"},\"logo\":{\"@id\":\"https:\\\/\\\/freier-redner-thomas-daamen.de\\\/wp-content\\\/uploads\\\/2025\\\/05\\\/cropped-favicon_TD.png\"},\"sameAs\":[\"https:\\\/\\\/freier-redner-thomas-daamen.de\",\"https:\\\/\\\/www.facebook.com\\\/thomas.daamen.14\",\"https:\\\/\\\/www.instagram.com\\\/chico.bravo_\\\/\",\"https:\\\/\\\/www.linkedin.com\\\/in\\\/thomas-daamen\\\/\"]}]}<\/script>\n<!-- \/ Yoast SEO plugin. -->","yoast_head_json":{"title":"Grund zu Feiern: Jubil\u00e4um, Meilenstein & Co. in M\u00fcnchen & Bayern - Thomas Daamen | Zertifizierter Freier Redner (ZFR) | Freier Redner (IHK)","description":"Feiern Sie Lebensmeilenstein, der Ihre Geschichte erz\u00e4hlt: mit einer Rede zum Jubil\u00e4um vom Redner Thomas voller Authentizit\u00e4t und Emotion.","robots":{"index":"index","follow":"follow","max-snippet":"max-snippet:-1","max-image-preview":"max-image-preview:large","max-video-preview":"max-video-preview:-1"},"canonical":"https:\/\/freier-redner-thomas-daamen.de\/en\/jubilaeum-meilenstein-und-mehr\/","og_locale":"en_US","og_type":"article","og_title":"Grund zu Feiern: Jubil\u00e4um, Meilenstein & Co. in M\u00fcnchen & Bayern - Thomas Daamen | Zertifizierter Freier Redner (ZFR) | Freier Redner (IHK)","og_description":"Feiern Sie Lebensmeilenstein, der Ihre Geschichte erz\u00e4hlt: mit einer Rede zum Jubil\u00e4um vom Redner Thomas voller Authentizit\u00e4t und Emotion.","og_url":"https:\/\/freier-redner-thomas-daamen.de\/en\/jubilaeum-meilenstein-und-mehr\/","og_site_name":"Thomas Daamen | Zertifizierter Freier Redner (ZFR) | Freier Redner (IHK)","article_publisher":"https:\/\/www.facebook.com\/thomas.daamen.14","article_modified_time":"2025-10-25T13:57:02+00:00","og_image":[{"width":1906,"height":539,"url":"https:\/\/freier-redner-thomas-daamen.de\/wp-content\/uploads\/2025\/05\/gartenparty-meilenstein.jpg","type":"image\/jpeg"}],"twitter_card":"summary_large_image","twitter_misc":{"Est. reading time":"3 minutes"},"schema":{"@context":"https:\/\/schema.org","@graph":[{"@type":"WebPage","@id":"https:\/\/freier-redner-thomas-daamen.de\/jubilaeum-meilenstein-und-mehr\/","url":"https:\/\/freier-redner-thomas-daamen.de\/jubilaeum-meilenstein-und-mehr\/","name":"Grund zu Feiern: Jubil\u00e4um, Meilenstein & Co. in M\u00fcnchen & Bayern - Thomas Daamen | Zertifizierter Freier Redner (ZFR) | Freier Redner (IHK)","isPartOf":{"@id":"https:\/\/freier-redner-thomas-daamen.de\/#website"},"primaryImageOfPage":{"@id":"https:\/\/freier-redner-thomas-daamen.de\/jubilaeum-meilenstein-und-mehr\/#primaryimage"},"image":{"@id":"https:\/\/freier-redner-thomas-daamen.de\/jubilaeum-meilenstein-und-mehr\/#primaryimage"},"thumbnailUrl":"https:\/\/freier-redner-thomas-daamen.de\/wp-content\/uploads\/2025\/05\/gartenparty-meilenstein.jpg","datePublished":"2025-04-28T10:27:21+00:00","dateModified":"2025-10-25T13:57:02+00:00","description":"Feiern Sie Lebensmeilenstein, der Ihre Geschichte erz\u00e4hlt: mit einer Rede zum Jubil\u00e4um vom Redner Thomas voller Authentizit\u00e4t und Emotion.","breadcrumb":{"@id":"https:\/\/freier-redner-thomas-daamen.de\/jubilaeum-meilenstein-und-mehr\/#breadcrumb"},"inLanguage":"en-US","potentialAction":[{"@type":"ReadAction","target":["https:\/\/freier-redner-thomas-daamen.de\/jubilaeum-meilenstein-und-mehr\/"]}]},{"@type":"ImageObject","inLanguage":"en-US","@id":"https:\/\/freier-redner-thomas-daamen.de\/jubilaeum-meilenstein-und-mehr\/#primaryimage","url":"https:\/\/freier-redner-thomas-daamen.de\/wp-content\/uploads\/2025\/05\/gartenparty-meilenstein.jpg","contentUrl":"https:\/\/freier-redner-thomas-daamen.de\/wp-content\/uploads\/2025\/05\/gartenparty-meilenstein.jpg"},{"@type":"BreadcrumbList","@id":"https:\/\/freier-redner-thomas-daamen.de\/jubilaeum-meilenstein-und-mehr\/#breadcrumb","itemListElement":[{"@type":"ListItem","position":1,"name":"Startseite","item":"https:\/\/freier-redner-thomas-daamen.de\/"},{"@type":"ListItem","position":2,"name":"Grund zu Feiern: Jubil\u00e4um, Meilenstein &#038; Co."}]},{"@type":"WebSite","@id":"https:\/\/freier-redner-thomas-daamen.de\/#website","url":"https:\/\/freier-redner-thomas-daamen.de\/","name":"Thomas Daamen | Certified Celebrant (ZFR) | Celebrant (IHK)","description":"Hochzeitsredner Trauredner Trauerredner in M&uuml;nchen und Bayern","publisher":{"@id":"https:\/\/freier-redner-thomas-daamen.de\/#\/schema\/person\/0905f51c6fa3b02c1828397d130b28c6"},"potentialAction":[{"@type":"SearchAction","target":{"@type":"EntryPoint","urlTemplate":"https:\/\/freier-redner-thomas-daamen.de\/?s={search_term_string}"},"query-input":{"@type":"PropertyValueSpecification","valueRequired":true,"valueName":"search_term_string"}}],"inLanguage":"en-US"},{"@type":["Person","Organization"],"@id":"https:\/\/freier-redner-thomas-daamen.de\/#\/schema\/person\/0905f51c6fa3b02c1828397d130b28c6","name":"admin","image":{"@type":"ImageObject","inLanguage":"en-US","@id":"https:\/\/freier-redner-thomas-daamen.de\/wp-content\/uploads\/2025\/05\/cropped-favicon_TD.png","url":"https:\/\/freier-redner-thomas-daamen.de\/wp-content\/uploads\/2025\/05\/cropped-favicon_TD.png","contentUrl":"https:\/\/freier-redner-thomas-daamen.de\/wp-content\/uploads\/2025\/05\/cropped-favicon_TD.png","width":512,"height":512,"caption":"admin"},"logo":{"@id":"https:\/\/freier-redner-thomas-daamen.de\/wp-content\/uploads\/2025\/05\/cropped-favicon_TD.png"},"sameAs":["https:\/\/freier-redner-thomas-daamen.de","https:\/\/www.facebook.com\/thomas.daamen.14","https:\/\/www.instagram.com\/chico.bravo_\/","https:\/\/www.linkedin.com\/in\/thomas-daamen\/"]}]}},"_links":{"self":[{"href":"https:\/\/freier-redner-thomas-daamen.de\/en\/wp-json\/wp\/v2\/pages\/846","targetHints":{"allow":["GET"]}}],"collection":[{"href":"https:\/\/freier-redner-thomas-daamen.de\/en\/wp-json\/wp\/v2\/pages"}],"about":[{"href":"https:\/\/freier-redner-thomas-daamen.de\/en\/wp-json\/wp\/v2\/types\/page"}],"author":[{"embeddable":true,"href":"https:\/\/freier-redner-thomas-daamen.de\/en\/wp-json\/wp\/v2\/users\/2"}],"replies":[{"embeddable":true,"href":"https:\/\/freier-redner-thomas-daamen.de\/en\/wp-json\/wp\/v2\/comments?post=846"}],"version-history":[{"count":14,"href":"https:\/\/freier-redner-thomas-daamen.de\/en\/wp-json\/wp\/v2\/pages\/846\/revisions"}],"predecessor-version":[{"id":1130,"href":"https:\/\/freier-redner-thomas-daamen.de\/en\/wp-json\/wp\/v2\/pages\/846\/revisions\/1130"}],"wp:attachment":[{"href":"https:\/\/freier-redner-thomas-daamen.de\/en\/wp-json\/wp\/v2\/media?parent=846"}],"curies":[{"name":"wp","href":"https:\/\/api.w.org\/{rel}","templated":true}]}}