{"id":840,"date":"2025-04-28T10:07:17","date_gmt":"2025-04-28T10:07:17","guid":{"rendered":"https:\/\/freier-redner-thomas-daamen.de\/?page_id=840"},"modified":"2025-12-30T15:14:40","modified_gmt":"2025-12-30T15:14:40","slug":"trauerfeier","status":"publish","type":"page","link":"https:\/\/freier-redner-thomas-daamen.de\/en\/trauerfeier\/","title":{"rendered":"Bereavement Ceremony"},"content":{"rendered":"<figure class=\"wp-block-image\"><img loading=\"lazy\" decoding=\"async\" width=\"1905\" height=\"539\" src=\"https:\/\/freier-redner-thomas-daamen.de\/wp-content\/uploads\/2025\/05\/trauerfeier_bruecke.jpg\" alt=\"\" class=\"wp-image-906\" srcset=\"https:\/\/freier-redner-thomas-daamen.de\/wp-content\/uploads\/2025\/05\/trauerfeier_bruecke.jpg 1905w, https:\/\/freier-redner-thomas-daamen.de\/wp-content\/uploads\/2025\/05\/trauerfeier_bruecke-300x85.jpg 300w, https:\/\/freier-redner-thomas-daamen.de\/wp-content\/uploads\/2025\/05\/trauerfeier_bruecke-1024x290.jpg 1024w, https:\/\/freier-redner-thomas-daamen.de\/wp-content\/uploads\/2025\/05\/trauerfeier_bruecke-768x217.jpg 768w, https:\/\/freier-redner-thomas-daamen.de\/wp-content\/uploads\/2025\/05\/trauerfeier_bruecke-1536x435.jpg 1536w, https:\/\/freier-redner-thomas-daamen.de\/wp-content\/uploads\/2025\/05\/trauerfeier_bruecke-18x5.jpg 18w\" sizes=\"auto, (max-width: 1905px) 100vw, 1905px\" \/><\/figure>\n\n\n\n<h1 class=\"wp-block-heading\">Bereavement Ceremony<\/h1>\n\n\n\n<p>Saying goodbye to a loved one is a deeply moving transition that finds its dignified expression in the memorial service. In such a moment of grief, words are needed, for example from a professional memorial speaker, to honor what was special about that life, bring memories to life, and create a calm, honest atmosphere that can offer comfort.<\/p>\n\n\n\n<p>Together with you, I will create a personal, dignified farewell ceremony that focuses on the unique character and stories of the deceased. A farewell that appreciates life and the transition - without pathos, but with depth, warmth and sincere sympathy.<\/p>\n\n\n\n<figure class=\"wp-block-image size-full\"><img loading=\"lazy\" decoding=\"async\" width=\"1280\" height=\"853\" src=\"https:\/\/freier-redner-thomas-daamen.de\/wp-content\/uploads\/2025\/04\/trauerfeier-abschied-herbst.jpg\" alt=\"\" class=\"wp-image-841\" srcset=\"https:\/\/freier-redner-thomas-daamen.de\/wp-content\/uploads\/2025\/04\/trauerfeier-abschied-herbst.jpg 1280w, https:\/\/freier-redner-thomas-daamen.de\/wp-content\/uploads\/2025\/04\/trauerfeier-abschied-herbst-300x200.jpg 300w, https:\/\/freier-redner-thomas-daamen.de\/wp-content\/uploads\/2025\/04\/trauerfeier-abschied-herbst-1024x682.jpg 1024w, https:\/\/freier-redner-thomas-daamen.de\/wp-content\/uploads\/2025\/04\/trauerfeier-abschied-herbst-768x512.jpg 768w, https:\/\/freier-redner-thomas-daamen.de\/wp-content\/uploads\/2025\/04\/trauerfeier-abschied-herbst-18x12.jpg 18w\" sizes=\"auto, (max-width: 1280px) 100vw, 1280px\" \/><\/figure>\n\n\n\n<h2 class=\"wp-block-heading\">Preparation by your memorial speaker and the order of the funeral service<\/h2>\n\n\n\n<p>We will first have a preliminary conversation, you decide whether it is at your home or a place of your choice. During the personal and confidential conversation, we will get to know each other and you will tell me about the life of the deceased person.<\/p>\n\n\n\n<p>Together we will discuss the course of the memorial service. I will also advise you on possible arrangements. To take some of the burden off your shoulders during this difficult phase, I will put myself in touch with the funeral parlor.<\/p>\n\n\n\n<p>Based on the information you provide me with, I create an individual and life-affirming speech that focuses on the personality and work of the deceased. <\/p>\n\n\n\n<p>Als Ihr Trauerredner f\u00fchre und leite durch die gesamte Trauerfeier von Zeremonie bis zum Abschied am Grab. Bis zur Beisetzung stehe ich Ihnen jederzeit f\u00fcr Fragen zur Verf\u00fcgung.<\/p>\n\n\n\n<p>On request, the memorial service can also be conducted in German or Italian.<\/p>\n\n\n\n<figure class=\"wp-block-image size-full\"><img loading=\"lazy\" decoding=\"async\" width=\"640\" height=\"427\" src=\"https:\/\/freier-redner-thomas-daamen.de\/wp-content\/uploads\/2025\/04\/trauerfeier-kerze.jpg\" alt=\"\" class=\"wp-image-842\" srcset=\"https:\/\/freier-redner-thomas-daamen.de\/wp-content\/uploads\/2025\/04\/trauerfeier-kerze.jpg 640w, https:\/\/freier-redner-thomas-daamen.de\/wp-content\/uploads\/2025\/04\/trauerfeier-kerze-300x200.jpg 300w, https:\/\/freier-redner-thomas-daamen.de\/wp-content\/uploads\/2025\/04\/trauerfeier-kerze-18x12.jpg 18w\" sizes=\"auto, (max-width: 640px) 100vw, 640px\" \/><\/figure>\n\n\n\n<p>In my conversation with you, I take time for your memories and your wishes in order to create a farewell story that is not only dignified and life-affirming, but also allows you to look back with gratitude on the time you spent together.<\/p>\n\n\n\n<p>The memorial service creates space for silence, for loving words and for what remains unspoken. It is a protected moment in which pain and gratitude can stand side by side - and in which comfort can be felt because memories connect.<\/p>\n\n\n\n<div class=\"wp-block-buttons is-layout-flex wp-block-buttons-is-layout-flex\">\n<div class=\"wp-block-button\"><a class=\"wp-block-button__link wp-element-button\" href=\"https:\/\/freier-redner-thomas-daamen.de\/en\/kontakt\/\">ARRANGE A MEETING<\/a><\/div>\n<\/div>","protected":false},"excerpt":{"rendered":"<p>Trauerfeier Der Abschied von einem geliebten Menschen ist ein tief ber\u00fchrender \u00dcbergang, der in der Trauerfeier seinen w\u00fcrdevollen Ausdruck findet. In einem solchen Moment der Trauer braucht es Worte, z.B. durch einen professionellen Trauerredner, die das Besondere dieses Lebens w\u00fcrdigen, Erinnerungen lebendig werden lassen und eine ruhige, ehrliche Atmosph\u00e4re schaffen, die Trost spenden kann. Gemeinsam [&hellip;]<\/p>\n","protected":false},"author":2,"featured_media":0,"parent":0,"menu_order":0,"comment_status":"closed","ping_status":"closed","template":"","meta":{"footnotes":""},"class_list":["post-840","page","type-page","status-publish","hentry"],"yoast_head":"<!-- This site is optimized with the Yoast SEO plugin v27.3 - https:\/\/yoast.com\/product\/yoast-seo-wordpress\/ -->\n<title>Trauerredner f\u00fcr Trauerfeier - Abschiedsfeier - Beerdigung - Bestattung Thomas Daamen | Zertifizierter Freier Redner (ZFR) | Freier Redner (IHK)<\/title>\n<meta name=\"description\" content=\"Gestalten Sie den Abschied mit einem Trauerredner, der das Leben und die Erinnerungen des Verstorbenen w\u00fcrdig in den Mittelpunkt stellt.\" \/>\n<meta name=\"robots\" content=\"index, follow, max-snippet:-1, max-image-preview:large, max-video-preview:-1\" \/>\n<link rel=\"canonical\" href=\"https:\/\/freier-redner-thomas-daamen.de\/en\/trauerfeier\/\" \/>\n<meta property=\"og:locale\" content=\"en_US\" \/>\n<meta property=\"og:type\" content=\"article\" \/>\n<meta property=\"og:title\" content=\"Trauerredner f\u00fcr Trauerfeier - Abschiedsfeier - Beerdigung - Bestattung Thomas Daamen | Zertifizierter Freier Redner (ZFR) | Freier Redner (IHK)\" \/>\n<meta property=\"og:description\" content=\"Gestalten Sie den Abschied mit einem Trauerredner, der das Leben und die Erinnerungen des Verstorbenen w\u00fcrdig in den Mittelpunkt stellt.\" \/>\n<meta property=\"og:url\" content=\"https:\/\/freier-redner-thomas-daamen.de\/en\/trauerfeier\/\" \/>\n<meta property=\"og:site_name\" content=\"Thomas Daamen | Zertifizierter Freier Redner (ZFR) | Freier Redner (IHK)\" \/>\n<meta property=\"article:publisher\" content=\"https:\/\/www.facebook.com\/thomas.daamen.14\" \/>\n<meta property=\"article:modified_time\" content=\"2025-12-30T15:14:40+00:00\" \/>\n<meta property=\"og:image\" content=\"https:\/\/freier-redner-thomas-daamen.de\/wp-content\/uploads\/2025\/05\/trauerfeier_bruecke.jpg\" \/>\n\t<meta property=\"og:image:width\" content=\"1905\" \/>\n\t<meta property=\"og:image:height\" content=\"539\" \/>\n\t<meta property=\"og:image:type\" content=\"image\/jpeg\" \/>\n<meta name=\"twitter:card\" content=\"summary_large_image\" \/>\n<meta name=\"twitter:label1\" content=\"Est. reading time\" \/>\n\t<meta name=\"twitter:data1\" content=\"3 minutes\" \/>\n<script type=\"application\/ld+json\" class=\"yoast-schema-graph\">{\"@context\":\"https:\\\/\\\/schema.org\",\"@graph\":[{\"@type\":\"WebPage\",\"@id\":\"https:\\\/\\\/freier-redner-thomas-daamen.de\\\/trauerfeier\\\/\",\"url\":\"https:\\\/\\\/freier-redner-thomas-daamen.de\\\/trauerfeier\\\/\",\"name\":\"Trauerredner f\u00fcr Trauerfeier - Abschiedsfeier - Beerdigung - Bestattung Thomas Daamen | Zertifizierter Freier Redner (ZFR) | Freier Redner (IHK)\",\"isPartOf\":{\"@id\":\"https:\\\/\\\/freier-redner-thomas-daamen.de\\\/#website\"},\"primaryImageOfPage\":{\"@id\":\"https:\\\/\\\/freier-redner-thomas-daamen.de\\\/trauerfeier\\\/#primaryimage\"},\"image\":{\"@id\":\"https:\\\/\\\/freier-redner-thomas-daamen.de\\\/trauerfeier\\\/#primaryimage\"},\"thumbnailUrl\":\"https:\\\/\\\/freier-redner-thomas-daamen.de\\\/wp-content\\\/uploads\\\/2025\\\/05\\\/trauerfeier_bruecke.jpg\",\"datePublished\":\"2025-04-28T10:07:17+00:00\",\"dateModified\":\"2025-12-30T15:14:40+00:00\",\"description\":\"Gestalten Sie den Abschied mit einem Trauerredner, der das Leben und die Erinnerungen des Verstorbenen w\u00fcrdig in den Mittelpunkt stellt.\",\"breadcrumb\":{\"@id\":\"https:\\\/\\\/freier-redner-thomas-daamen.de\\\/trauerfeier\\\/#breadcrumb\"},\"inLanguage\":\"en-US\",\"potentialAction\":[{\"@type\":\"ReadAction\",\"target\":[\"https:\\\/\\\/freier-redner-thomas-daamen.de\\\/trauerfeier\\\/\"]}]},{\"@type\":\"ImageObject\",\"inLanguage\":\"en-US\",\"@id\":\"https:\\\/\\\/freier-redner-thomas-daamen.de\\\/trauerfeier\\\/#primaryimage\",\"url\":\"https:\\\/\\\/freier-redner-thomas-daamen.de\\\/wp-content\\\/uploads\\\/2025\\\/05\\\/trauerfeier_bruecke.jpg\",\"contentUrl\":\"https:\\\/\\\/freier-redner-thomas-daamen.de\\\/wp-content\\\/uploads\\\/2025\\\/05\\\/trauerfeier_bruecke.jpg\"},{\"@type\":\"BreadcrumbList\",\"@id\":\"https:\\\/\\\/freier-redner-thomas-daamen.de\\\/trauerfeier\\\/#breadcrumb\",\"itemListElement\":[{\"@type\":\"ListItem\",\"position\":1,\"name\":\"Startseite\",\"item\":\"https:\\\/\\\/freier-redner-thomas-daamen.de\\\/\"},{\"@type\":\"ListItem\",\"position\":2,\"name\":\"Trauerfeier\"}]},{\"@type\":\"WebSite\",\"@id\":\"https:\\\/\\\/freier-redner-thomas-daamen.de\\\/#website\",\"url\":\"https:\\\/\\\/freier-redner-thomas-daamen.de\\\/\",\"name\":\"Thomas Daamen | Zertifizierter Freier Redner (ZFR) | Freier Redner (IHK)\",\"description\":\"Hochzeitsredner Trauredner Trauerredner in M&uuml;nchen und Bayern\",\"publisher\":{\"@id\":\"https:\\\/\\\/freier-redner-thomas-daamen.de\\\/#\\\/schema\\\/person\\\/0905f51c6fa3b02c1828397d130b28c6\"},\"potentialAction\":[{\"@type\":\"SearchAction\",\"target\":{\"@type\":\"EntryPoint\",\"urlTemplate\":\"https:\\\/\\\/freier-redner-thomas-daamen.de\\\/?s={search_term_string}\"},\"query-input\":{\"@type\":\"PropertyValueSpecification\",\"valueRequired\":true,\"valueName\":\"search_term_string\"}}],\"inLanguage\":\"en-US\"},{\"@type\":[\"Person\",\"Organization\"],\"@id\":\"https:\\\/\\\/freier-redner-thomas-daamen.de\\\/#\\\/schema\\\/person\\\/0905f51c6fa3b02c1828397d130b28c6\",\"name\":\"admin\",\"image\":{\"@type\":\"ImageObject\",\"inLanguage\":\"en-US\",\"@id\":\"https:\\\/\\\/freier-redner-thomas-daamen.de\\\/wp-content\\\/uploads\\\/2025\\\/05\\\/cropped-favicon_TD.png\",\"url\":\"https:\\\/\\\/freier-redner-thomas-daamen.de\\\/wp-content\\\/uploads\\\/2025\\\/05\\\/cropped-favicon_TD.png\",\"contentUrl\":\"https:\\\/\\\/freier-redner-thomas-daamen.de\\\/wp-content\\\/uploads\\\/2025\\\/05\\\/cropped-favicon_TD.png\",\"width\":512,\"height\":512,\"caption\":\"admin\"},\"logo\":{\"@id\":\"https:\\\/\\\/freier-redner-thomas-daamen.de\\\/wp-content\\\/uploads\\\/2025\\\/05\\\/cropped-favicon_TD.png\"},\"sameAs\":[\"https:\\\/\\\/freier-redner-thomas-daamen.de\",\"https:\\\/\\\/www.facebook.com\\\/thomas.daamen.14\",\"https:\\\/\\\/www.instagram.com\\\/chico.bravo_\\\/\",\"https:\\\/\\\/www.linkedin.com\\\/in\\\/thomas-daamen\\\/\"]}]}<\/script>\n<!-- \/ Yoast SEO plugin. -->","yoast_head_json":{"title":"Trauerredner f\u00fcr Trauerfeier - Abschiedsfeier - Beerdigung - Bestattung Thomas Daamen | Zertifizierter Freier Redner (ZFR) | Freier Redner (IHK)","description":"Gestalten Sie den Abschied mit einem Trauerredner, der das Leben und die Erinnerungen des Verstorbenen w\u00fcrdig in den Mittelpunkt stellt.","robots":{"index":"index","follow":"follow","max-snippet":"max-snippet:-1","max-image-preview":"max-image-preview:large","max-video-preview":"max-video-preview:-1"},"canonical":"https:\/\/freier-redner-thomas-daamen.de\/en\/trauerfeier\/","og_locale":"en_US","og_type":"article","og_title":"Trauerredner f\u00fcr Trauerfeier - Abschiedsfeier - Beerdigung - Bestattung Thomas Daamen | Zertifizierter Freier Redner (ZFR) | Freier Redner (IHK)","og_description":"Gestalten Sie den Abschied mit einem Trauerredner, der das Leben und die Erinnerungen des Verstorbenen w\u00fcrdig in den Mittelpunkt stellt.","og_url":"https:\/\/freier-redner-thomas-daamen.de\/en\/trauerfeier\/","og_site_name":"Thomas Daamen | Zertifizierter Freier Redner (ZFR) | Freier Redner (IHK)","article_publisher":"https:\/\/www.facebook.com\/thomas.daamen.14","article_modified_time":"2025-12-30T15:14:40+00:00","og_image":[{"width":1905,"height":539,"url":"https:\/\/freier-redner-thomas-daamen.de\/wp-content\/uploads\/2025\/05\/trauerfeier_bruecke.jpg","type":"image\/jpeg"}],"twitter_card":"summary_large_image","twitter_misc":{"Est. reading time":"3 minutes"},"schema":{"@context":"https:\/\/schema.org","@graph":[{"@type":"WebPage","@id":"https:\/\/freier-redner-thomas-daamen.de\/trauerfeier\/","url":"https:\/\/freier-redner-thomas-daamen.de\/trauerfeier\/","name":"Trauerredner f\u00fcr Trauerfeier - Abschiedsfeier - Beerdigung - Bestattung Thomas Daamen | Zertifizierter Freier Redner (ZFR) | Freier Redner (IHK)","isPartOf":{"@id":"https:\/\/freier-redner-thomas-daamen.de\/#website"},"primaryImageOfPage":{"@id":"https:\/\/freier-redner-thomas-daamen.de\/trauerfeier\/#primaryimage"},"image":{"@id":"https:\/\/freier-redner-thomas-daamen.de\/trauerfeier\/#primaryimage"},"thumbnailUrl":"https:\/\/freier-redner-thomas-daamen.de\/wp-content\/uploads\/2025\/05\/trauerfeier_bruecke.jpg","datePublished":"2025-04-28T10:07:17+00:00","dateModified":"2025-12-30T15:14:40+00:00","description":"Gestalten Sie den Abschied mit einem Trauerredner, der das Leben und die Erinnerungen des Verstorbenen w\u00fcrdig in den Mittelpunkt stellt.","breadcrumb":{"@id":"https:\/\/freier-redner-thomas-daamen.de\/trauerfeier\/#breadcrumb"},"inLanguage":"en-US","potentialAction":[{"@type":"ReadAction","target":["https:\/\/freier-redner-thomas-daamen.de\/trauerfeier\/"]}]},{"@type":"ImageObject","inLanguage":"en-US","@id":"https:\/\/freier-redner-thomas-daamen.de\/trauerfeier\/#primaryimage","url":"https:\/\/freier-redner-thomas-daamen.de\/wp-content\/uploads\/2025\/05\/trauerfeier_bruecke.jpg","contentUrl":"https:\/\/freier-redner-thomas-daamen.de\/wp-content\/uploads\/2025\/05\/trauerfeier_bruecke.jpg"},{"@type":"BreadcrumbList","@id":"https:\/\/freier-redner-thomas-daamen.de\/trauerfeier\/#breadcrumb","itemListElement":[{"@type":"ListItem","position":1,"name":"Startseite","item":"https:\/\/freier-redner-thomas-daamen.de\/"},{"@type":"ListItem","position":2,"name":"Trauerfeier"}]},{"@type":"WebSite","@id":"https:\/\/freier-redner-thomas-daamen.de\/#website","url":"https:\/\/freier-redner-thomas-daamen.de\/","name":"Thomas Daamen | Certified Celebrant (ZFR) | Celebrant (IHK)","description":"Hochzeitsredner Trauredner Trauerredner in M&uuml;nchen und Bayern","publisher":{"@id":"https:\/\/freier-redner-thomas-daamen.de\/#\/schema\/person\/0905f51c6fa3b02c1828397d130b28c6"},"potentialAction":[{"@type":"SearchAction","target":{"@type":"EntryPoint","urlTemplate":"https:\/\/freier-redner-thomas-daamen.de\/?s={search_term_string}"},"query-input":{"@type":"PropertyValueSpecification","valueRequired":true,"valueName":"search_term_string"}}],"inLanguage":"en-US"},{"@type":["Person","Organization"],"@id":"https:\/\/freier-redner-thomas-daamen.de\/#\/schema\/person\/0905f51c6fa3b02c1828397d130b28c6","name":"admin","image":{"@type":"ImageObject","inLanguage":"en-US","@id":"https:\/\/freier-redner-thomas-daamen.de\/wp-content\/uploads\/2025\/05\/cropped-favicon_TD.png","url":"https:\/\/freier-redner-thomas-daamen.de\/wp-content\/uploads\/2025\/05\/cropped-favicon_TD.png","contentUrl":"https:\/\/freier-redner-thomas-daamen.de\/wp-content\/uploads\/2025\/05\/cropped-favicon_TD.png","width":512,"height":512,"caption":"admin"},"logo":{"@id":"https:\/\/freier-redner-thomas-daamen.de\/wp-content\/uploads\/2025\/05\/cropped-favicon_TD.png"},"sameAs":["https:\/\/freier-redner-thomas-daamen.de","https:\/\/www.facebook.com\/thomas.daamen.14","https:\/\/www.instagram.com\/chico.bravo_\/","https:\/\/www.linkedin.com\/in\/thomas-daamen\/"]}]}},"_links":{"self":[{"href":"https:\/\/freier-redner-thomas-daamen.de\/en\/wp-json\/wp\/v2\/pages\/840","targetHints":{"allow":["GET"]}}],"collection":[{"href":"https:\/\/freier-redner-thomas-daamen.de\/en\/wp-json\/wp\/v2\/pages"}],"about":[{"href":"https:\/\/freier-redner-thomas-daamen.de\/en\/wp-json\/wp\/v2\/types\/page"}],"author":[{"embeddable":true,"href":"https:\/\/freier-redner-thomas-daamen.de\/en\/wp-json\/wp\/v2\/users\/2"}],"replies":[{"embeddable":true,"href":"https:\/\/freier-redner-thomas-daamen.de\/en\/wp-json\/wp\/v2\/comments?post=840"}],"version-history":[{"count":10,"href":"https:\/\/freier-redner-thomas-daamen.de\/en\/wp-json\/wp\/v2\/pages\/840\/revisions"}],"predecessor-version":[{"id":1124,"href":"https:\/\/freier-redner-thomas-daamen.de\/en\/wp-json\/wp\/v2\/pages\/840\/revisions\/1124"}],"wp:attachment":[{"href":"https:\/\/freier-redner-thomas-daamen.de\/en\/wp-json\/wp\/v2\/media?parent=840"}],"curies":[{"name":"wp","href":"https:\/\/api.w.org\/{rel}","templated":true}]}}