{"id":16,"date":"2024-10-09T15:14:58","date_gmt":"2024-10-09T15:14:58","guid":{"rendered":"https:\/\/freier-redner-thomas-daamen.de\/faq\/"},"modified":"2025-10-21T19:57:41","modified_gmt":"2025-10-21T19:57:41","slug":"faq","status":"publish","type":"page","link":"https:\/\/freier-redner-thomas-daamen.de\/en\/faq\/","title":{"rendered":"FAQ &#8211; h\u00e4ufige Fragen"},"content":{"rendered":"<div class=\"wp-block-group alignfull has-background-background-color has-background has-global-padding is-layout-constrained wp-block-group-is-layout-constrained\" style=\"margin-top:0;margin-bottom:0;padding-top:0;padding-bottom:0\">\n<div class=\"wp-block-cover alignfull\" style=\"padding-top:0;padding-right:var(--wp--preset--spacing--30);padding-bottom:0;padding-left:var(--wp--preset--spacing--30);min-height:250px;aspect-ratio:unset;\"><img loading=\"lazy\" decoding=\"async\" width=\"1024\" height=\"289\" class=\"wp-block-cover__image-background wp-image-1036 size-large\" alt=\"\" src=\"https:\/\/freier-redner-thomas-daamen.de\/wp-content\/uploads\/2025\/05\/faq_header-1024x289.jpg\" data-object-fit=\"cover\" srcset=\"https:\/\/freier-redner-thomas-daamen.de\/wp-content\/uploads\/2025\/05\/faq_header-1024x289.jpg 1024w, https:\/\/freier-redner-thomas-daamen.de\/wp-content\/uploads\/2025\/05\/faq_header-300x85.jpg 300w, https:\/\/freier-redner-thomas-daamen.de\/wp-content\/uploads\/2025\/05\/faq_header-768x216.jpg 768w, https:\/\/freier-redner-thomas-daamen.de\/wp-content\/uploads\/2025\/05\/faq_header-1536x433.jpg 1536w, https:\/\/freier-redner-thomas-daamen.de\/wp-content\/uploads\/2025\/05\/faq_header-18x5.jpg 18w, https:\/\/freier-redner-thomas-daamen.de\/wp-content\/uploads\/2025\/05\/faq_header.jpg 1909w\" sizes=\"auto, (max-width: 1024px) 100vw, 1024px\" \/><span aria-hidden=\"true\" class=\"wp-block-cover__background has-black-background-color has-background-dim-30 has-background-dim\"><\/span><div class=\"wp-block-cover__inner-container is-layout-flow wp-block-cover-is-layout-flow\">\n<div class=\"wp-block-group has-global-padding is-layout-constrained wp-block-group-is-layout-constrained\" style=\"padding-top:var(--wp--preset--spacing--60);padding-bottom:var(--wp--preset--spacing--60)\"><\/div>\n<\/div><\/div>\n<\/div>\n\n\n\n<div class=\"wp-block-group alignfull has-tertiary-background-color has-background has-global-padding is-layout-constrained wp-container-core-group-is-layout-7276a2bb wp-block-group-is-layout-constrained\" id=\"h\u00e4ufig-gestellte-fragen\" style=\"margin-top:0;margin-bottom:0;padding-top:var(--wp--preset--spacing--60);padding-right:var(--wp--preset--spacing--30);padding-bottom:var(--wp--preset--spacing--60);padding-left:var(--wp--preset--spacing--30)\">\n<div class=\"wp-block-group alignwide has-global-padding is-content-justification-left is-layout-constrained wp-container-core-group-is-layout-8b4c372c wp-block-group-is-layout-constrained\">\n<h2 class=\"wp-block-heading has-large-font-size\">FAQ: Are there any questions left unanswered?<\/h2>\n\n\n\n<p style=\"margin-top:16px\"><strong>Perhaps you will find the answer in this FAQ, otherwise please get in touch using the contact form.<\/strong><\/p>\n<\/div>\n\n\n\n<div class=\"wp-block-columns alignwide is-layout-flex wp-container-core-columns-is-layout-47c06fe3 wp-block-columns-is-layout-flex\">\n<div class=\"wp-block-column is-layout-flow wp-block-column-is-layout-flow\">\n<h2 class=\"wp-block-heading\" style=\"font-size:clamp(14px, 0.875rem + ((1vw - 3.2px) * 0.625), 20px);line-height:1.5\"><strong>What does a celebrant do?<\/strong><\/h2>\n\n\n\n<p class=\"has-small-font-size\" style=\"margin-top:8px\">A celebrant creates and delivers ceremonies for special life events such as weddings, bereavements, children's welcomes or anniversaries. The focus is on your individual wishes and stories, which I weave into a personal and emotional speech. I also conduct and moderate your ceremony from the beginning to the end.<\/p>\n<\/div>\n\n\n\n<div class=\"wp-block-column is-layout-flow wp-block-column-is-layout-flow\">\n<h2 class=\"wp-block-heading\" style=\"font-size:clamp(14px, 0.875rem + ((1vw - 3.2px) * 0.625), 20px);line-height:1.5\"><strong>How is the collaboration organized?<\/strong><\/h2>\n\n\n\n<p class=\"has-small-font-size\" style=\"margin-top:8px\">After the initial contact, we will have a detailed conversation in which you tell me about your wishes, ideas and the particular meaning of the event for you. Based on this, I will create an individual speech and support you in planning the ceremony. On the day itself, I will be at your side to ensure that the entire ceremony is carried out as discussed.<\/p>\n<\/div>\n<\/div>\n\n\n\n<div class=\"wp-block-columns alignwide is-layout-flex wp-container-core-columns-is-layout-47c06fe3 wp-block-columns-is-layout-flex\">\n<div class=\"wp-block-column is-layout-flow wp-block-column-is-layout-flow\">\n<h2 class=\"wp-block-heading\" style=\"font-size:clamp(14px, 0.875rem + ((1vw - 3.2px) * 0.625), 20px);line-height:1.5\"><strong>How long does a ceremony take?<\/strong><\/h2>\n\n\n\n<p class=\"has-small-font-size\" style=\"margin-top:8px\">The duration varies depending on the ceremony and your ideas. I recommend a duration of 40-50 minutes for a wedding ceremony, approx. 30 minutes for a welcoming party for children and 20-45 minutes for a bereavement service. I am happy to adapt to your ideas and framework.<\/p>\n<\/div>\n\n\n\n<div class=\"wp-block-column is-layout-flow wp-block-column-is-layout-flow\">\n<h2 class=\"wp-block-heading\" style=\"font-size:clamp(14px, 0.875rem + ((1vw - 3.2px) * 0.625), 20px);line-height:1.5\"><strong>What are the costs for a ceremony?<\/strong><\/h2>\n\n\n\n<p class=\"has-small-font-size\" style=\"margin-top:8px\">Every ceremony is as unique as the people who celebrate it, and the costs required to prepare and conduct it vary accordingly. After our first contact, I will be happy to send you a tailor-made, non-binding offer.<\/p>\n<\/div>\n<\/div>\n\n\n\n<div class=\"wp-block-columns alignwide is-layout-flex wp-container-core-columns-is-layout-47c06fe3 wp-block-columns-is-layout-flex\">\n<div class=\"wp-block-column is-layout-flow wp-block-column-is-layout-flow\">\n<h2 class=\"wp-block-heading\" style=\"font-size:clamp(14px, 0.875rem + ((1vw - 3.2px) * 0.625), 20px);line-height:1.5\"><strong>Can we help shape the content of the speech?<\/strong><\/h2>\n\n\n\n<p class=\"has-small-font-size\" style=\"margin-top:8px\">Absolutely, yes! Your wishes and stories are the core of the speech. You can tell me details, anecdotes and personal ideas, which I will integrate into the speech. Of course, I can also set the desired mood. There will be enough space for this in our second conversation.<\/p>\n<\/div>\n\n\n\n<div class=\"wp-block-column is-layout-flow wp-block-column-is-layout-flow\">\n<h2 class=\"wp-block-heading\" style=\"font-size:clamp(14px, 0.875rem + ((1vw - 3.2px) * 0.625), 20px);line-height:1.5\"><strong>May we read the speech beforehand?<\/strong><\/h2>\n\n\n\n<p class=\"has-small-font-size\" style=\"margin-top:8px\">The speech is a unique story that I create for you on the basis of our conversations and that suits you 100%. There is no editing in advance. But I do recommend that you film the speech during the ceremony so that you can look at it over and over again later.<\/p>\n<\/div>\n<\/div>\n\n\n\n<div class=\"wp-block-columns alignwide is-layout-flex wp-container-core-columns-is-layout-47c06fe3 wp-block-columns-is-layout-flex\">\n<div class=\"wp-block-column is-layout-flow wp-block-column-is-layout-flow\">\n<h2 class=\"wp-block-heading\" style=\"font-size:clamp(14px, 0.875rem + ((1vw - 3.2px) * 0.625), 20px);line-height:1.5\"><strong>Does the independent wedding ceremony replace a civil ceremony?<\/strong><\/h2>\n\n\n\n<p class=\"has-small-font-size\" style=\"margin-top:8px\">No, it does not. To conclude your marriage before the law, you need a registrar. Only after and through this formal act is a marriage legally binding in Germany.<\/p>\n<\/div>\n\n\n\n<div class=\"wp-block-column is-layout-flow wp-block-column-is-layout-flow\">\n<h2 class=\"wp-block-heading\" style=\"font-size:clamp(14px, 0.875rem + ((1vw - 3.2px) * 0.625), 20px);line-height:1.5\"><strong>Can the civil ceremony be integrated into the independent wedding ceremony?<\/strong><\/h2>\n\n\n\n<p class=\"has-small-font-size\" style=\"margin-top:8px\">Yes, this is possible and a wonderful idea! It requires the willingness of your registrar to perform his formal act outside the usual rooms of the registry office. The civil ceremony by the registrar can be beautifully integrated into the independent wedding ceremony.<\/p>\n<\/div>\n<\/div>\n\n\n\n<div class=\"wp-block-columns alignwide is-layout-flex wp-container-core-columns-is-layout-47c06fe3 wp-block-columns-is-layout-flex\">\n<div class=\"wp-block-column is-layout-flow wp-block-column-is-layout-flow\">\n<h2 class=\"wp-block-heading\" style=\"font-size:clamp(14px, 0.875rem + ((1vw - 3.2px) * 0.625), 20px);line-height:1.5\"><strong>Can a welcoming party for children be combined with an independent wedding ceremony?<\/strong><\/h2>\n\n\n\n<p class=\"has-small-font-size\" style=\"margin-top:8px\">Yes, that is possible. Of course, there is more space and focus for the child if a separate welcoming party for children is organized.<\/p>\n<\/div>\n\n\n\n<div class=\"wp-block-column is-layout-flow wp-block-column-is-layout-flow\">\n<h2 class=\"wp-block-heading\" style=\"font-size:clamp(14px, 0.875rem + ((1vw - 3.2px) * 0.625), 20px);line-height:1.5\"><strong>How old should my child be for a welcoming party for children?<\/strong><\/h2>\n\n\n\n<p class=\"has-small-font-size\" style=\"margin-top:8px\">Most welcoming parties for children take place for children aged between 6 and 18 months. This is just a reference. As I have experience with all ages through my three children, we will design the ceremony to suit your child's age.<\/p>\n<\/div>\n<\/div>\n<\/div>\n\n\n\n<div class=\"wp-block-group alignfull has-background-background-color has-background has-global-padding is-layout-constrained wp-container-core-group-is-layout-7276a2bb wp-block-group-is-layout-constrained\" style=\"margin-top:0;margin-bottom:0;padding-top:var(--wp--preset--spacing--60);padding-right:var(--wp--preset--spacing--30);padding-bottom:var(--wp--preset--spacing--60);padding-left:var(--wp--preset--spacing--30)\">\n<div class=\"wp-block-group has-global-padding is-layout-constrained wp-block-group-is-layout-constrained\">\n<h2 class=\"wp-block-heading has-text-align-center has-large-font-size\">Are all your questions answered in the FAQ?<\/h2>\n\n\n\n<p class=\"has-text-align-center\" style=\"margin-top:16px\">Then let's get going! I look forward to your appointment request.<\/p>\n\n\n\n<div class=\"wp-block-buttons is-content-justification-center is-layout-flex wp-container-core-buttons-is-layout-720bcce9 wp-block-buttons-is-layout-flex\">\n<div class=\"wp-block-button\"><a class=\"wp-block-button__link wp-element-button\" href=\"\/en\/kontakt\/\">MAKE AN APPOINTMENT<\/a><\/div>\n<\/div>\n<\/div>\n\n\n\n<div style=\"aspect-ratio:16\/9;min-height:unset;\" class=\"wp-block-cover alignwide is-light has-aspect-ratio\"><img loading=\"lazy\" decoding=\"async\" width=\"1638\" height=\"2048\" class=\"wp-block-cover__image-background wp-image-437\" alt=\"\" src=\"https:\/\/freier-redner-thomas-daamen.de\/wp-content\/uploads\/2024\/10\/ashley-whitlatch-MGKGuMP9nLY-unsplash.jpg\" style=\"object-position:42% 74%\" data-object-fit=\"cover\" data-object-position=\"42% 74%\" srcset=\"https:\/\/freier-redner-thomas-daamen.de\/wp-content\/uploads\/2024\/10\/ashley-whitlatch-MGKGuMP9nLY-unsplash.jpg 1638w, https:\/\/freier-redner-thomas-daamen.de\/wp-content\/uploads\/2024\/10\/ashley-whitlatch-MGKGuMP9nLY-unsplash-240x300.jpg 240w, https:\/\/freier-redner-thomas-daamen.de\/wp-content\/uploads\/2024\/10\/ashley-whitlatch-MGKGuMP9nLY-unsplash-819x1024.jpg 819w, https:\/\/freier-redner-thomas-daamen.de\/wp-content\/uploads\/2024\/10\/ashley-whitlatch-MGKGuMP9nLY-unsplash-768x960.jpg 768w, https:\/\/freier-redner-thomas-daamen.de\/wp-content\/uploads\/2024\/10\/ashley-whitlatch-MGKGuMP9nLY-unsplash-1229x1536.jpg 1229w\" sizes=\"auto, (max-width: 1638px) 100vw, 1638px\" \/><span aria-hidden=\"true\" class=\"wp-block-cover__background has-background-dim-0 has-background-dim\" style=\"background-color:#c7c2c0\"><\/span><div class=\"wp-block-cover__inner-container has-global-padding is-layout-constrained wp-block-cover-is-layout-constrained\">\n<div style=\"height:638px\" aria-hidden=\"true\" class=\"wp-block-spacer\"><\/div>\n<\/div><\/div>\n<\/div>\n\n\n\n<p><\/p>","protected":false},"excerpt":{"rendered":"<p>FAQ: Sind Fragen offen geblieben? Vielleicht findest Du die Antwort in diesen FAQ, ansonsten melde Dich gern \u00fcber das Kontaktformular. Was macht ein Freier Redner? Ein Freier Redner gestaltet und h\u00e4lt Zeremonien f\u00fcr besondere Lebensereignisse wie Hochzeiten, Trauerfeiern, Kinderwillkommensfeste oder Jubil\u00e4en. Im Mittelpunkt stehen dabei Eure individuellen W\u00fcnsche und Geschichten, die ich in eine pers\u00f6nliche [&hellip;]<\/p>\n","protected":false},"author":1,"featured_media":0,"parent":0,"menu_order":0,"comment_status":"closed","ping_status":"closed","template":"no-title","meta":{"footnotes":""},"class_list":["post-16","page","type-page","status-publish","hentry"],"yoast_head":"<!-- This site is optimized with the Yoast SEO plugin v27.3 - https:\/\/yoast.com\/product\/yoast-seo-wordpress\/ -->\n<title>FAQ - h\u00e4ufige Fragen - zu Freie Trauung und Trauerfeier - Thomas Daamen | Zertifizierter Freier Redner (ZFR) | Freier Redner (IHK)<\/title>\n<meta name=\"description\" content=\"FAQs Freie Trauung, Trauerfeier, Kinderwillkommensfest &amp; Jubil\u00e4um - Thomas Daamen | Zertifizierter Freier Redner (ZFR) | Freier Redner (IHK)\" \/>\n<meta name=\"robots\" content=\"index, follow, max-snippet:-1, max-image-preview:large, max-video-preview:-1\" \/>\n<link rel=\"canonical\" href=\"https:\/\/freier-redner-thomas-daamen.de\/en\/faq\/\" \/>\n<meta property=\"og:locale\" content=\"en_US\" \/>\n<meta property=\"og:type\" content=\"article\" \/>\n<meta property=\"og:title\" content=\"FAQ - h\u00e4ufige Fragen - zu Freie Trauung und Trauerfeier - Thomas Daamen | Zertifizierter Freier Redner (ZFR) | Freier Redner (IHK)\" \/>\n<meta property=\"og:description\" content=\"FAQs Freie Trauung, Trauerfeier, Kinderwillkommensfest &amp; Jubil\u00e4um - Thomas Daamen | Zertifizierter Freier Redner (ZFR) | Freier Redner (IHK)\" \/>\n<meta property=\"og:url\" content=\"https:\/\/freier-redner-thomas-daamen.de\/en\/faq\/\" \/>\n<meta property=\"og:site_name\" content=\"Thomas Daamen | Zertifizierter Freier Redner (ZFR) | Freier Redner (IHK)\" \/>\n<meta property=\"article:publisher\" content=\"https:\/\/www.facebook.com\/thomas.daamen.14\" \/>\n<meta property=\"article:modified_time\" content=\"2025-10-21T19:57:41+00:00\" \/>\n<meta property=\"og:image\" content=\"https:\/\/freier-redner-thomas-daamen.de\/wp-content\/uploads\/2025\/05\/faq_header.jpg\" \/>\n\t<meta property=\"og:image:width\" content=\"1909\" \/>\n\t<meta property=\"og:image:height\" content=\"538\" \/>\n\t<meta property=\"og:image:type\" content=\"image\/jpeg\" \/>\n<meta name=\"twitter:card\" content=\"summary_large_image\" \/>\n<meta name=\"twitter:label1\" content=\"Est. reading time\" \/>\n\t<meta name=\"twitter:data1\" content=\"4 minutes\" \/>\n<script type=\"application\/ld+json\" class=\"yoast-schema-graph\">{\"@context\":\"https:\\\/\\\/schema.org\",\"@graph\":[{\"@type\":[\"WebPage\",\"FAQPage\"],\"@id\":\"https:\\\/\\\/freier-redner-thomas-daamen.de\\\/faq\\\/\",\"url\":\"https:\\\/\\\/freier-redner-thomas-daamen.de\\\/faq\\\/\",\"name\":\"FAQ - h\u00e4ufige Fragen - zu Freie Trauung und Trauerfeier - Thomas Daamen | Zertifizierter Freier Redner (ZFR) | Freier Redner (IHK)\",\"isPartOf\":{\"@id\":\"https:\\\/\\\/freier-redner-thomas-daamen.de\\\/#website\"},\"primaryImageOfPage\":{\"@id\":\"https:\\\/\\\/freier-redner-thomas-daamen.de\\\/faq\\\/#primaryimage\"},\"image\":{\"@id\":\"https:\\\/\\\/freier-redner-thomas-daamen.de\\\/faq\\\/#primaryimage\"},\"thumbnailUrl\":\"https:\\\/\\\/freier-redner-thomas-daamen.de\\\/wp-content\\\/uploads\\\/2025\\\/05\\\/faq_header-1024x289.jpg\",\"datePublished\":\"2024-10-09T15:14:58+00:00\",\"dateModified\":\"2025-10-21T19:57:41+00:00\",\"description\":\"FAQs Freie Trauung, Trauerfeier, Kinderwillkommensfest & Jubil\u00e4um - Thomas Daamen | Zertifizierter Freier Redner (ZFR) | Freier Redner (IHK)\",\"breadcrumb\":{\"@id\":\"https:\\\/\\\/freier-redner-thomas-daamen.de\\\/faq\\\/#breadcrumb\"},\"inLanguage\":\"en-US\",\"potentialAction\":[{\"@type\":\"ReadAction\",\"target\":[\"https:\\\/\\\/freier-redner-thomas-daamen.de\\\/faq\\\/\"]}]},{\"@type\":\"ImageObject\",\"inLanguage\":\"en-US\",\"@id\":\"https:\\\/\\\/freier-redner-thomas-daamen.de\\\/faq\\\/#primaryimage\",\"url\":\"https:\\\/\\\/freier-redner-thomas-daamen.de\\\/wp-content\\\/uploads\\\/2025\\\/05\\\/faq_header-1024x289.jpg\",\"contentUrl\":\"https:\\\/\\\/freier-redner-thomas-daamen.de\\\/wp-content\\\/uploads\\\/2025\\\/05\\\/faq_header-1024x289.jpg\"},{\"@type\":\"BreadcrumbList\",\"@id\":\"https:\\\/\\\/freier-redner-thomas-daamen.de\\\/faq\\\/#breadcrumb\",\"itemListElement\":[{\"@type\":\"ListItem\",\"position\":1,\"name\":\"Startseite\",\"item\":\"https:\\\/\\\/freier-redner-thomas-daamen.de\\\/\"},{\"@type\":\"ListItem\",\"position\":2,\"name\":\"FAQ &#8211; h\u00e4ufige Fragen\"}]},{\"@type\":\"WebSite\",\"@id\":\"https:\\\/\\\/freier-redner-thomas-daamen.de\\\/#website\",\"url\":\"https:\\\/\\\/freier-redner-thomas-daamen.de\\\/\",\"name\":\"Thomas Daamen | Zertifizierter Freier Redner (ZFR) | Freier Redner (IHK)\",\"description\":\"Hochzeitsredner Trauredner Trauerredner in M&uuml;nchen und Bayern\",\"publisher\":{\"@id\":\"https:\\\/\\\/freier-redner-thomas-daamen.de\\\/#\\\/schema\\\/person\\\/0905f51c6fa3b02c1828397d130b28c6\"},\"potentialAction\":[{\"@type\":\"SearchAction\",\"target\":{\"@type\":\"EntryPoint\",\"urlTemplate\":\"https:\\\/\\\/freier-redner-thomas-daamen.de\\\/?s={search_term_string}\"},\"query-input\":{\"@type\":\"PropertyValueSpecification\",\"valueRequired\":true,\"valueName\":\"search_term_string\"}}],\"inLanguage\":\"en-US\"},{\"@type\":[\"Person\",\"Organization\"],\"@id\":\"https:\\\/\\\/freier-redner-thomas-daamen.de\\\/#\\\/schema\\\/person\\\/0905f51c6fa3b02c1828397d130b28c6\",\"name\":\"admin\",\"image\":{\"@type\":\"ImageObject\",\"inLanguage\":\"en-US\",\"@id\":\"https:\\\/\\\/freier-redner-thomas-daamen.de\\\/wp-content\\\/uploads\\\/2025\\\/05\\\/cropped-favicon_TD.png\",\"url\":\"https:\\\/\\\/freier-redner-thomas-daamen.de\\\/wp-content\\\/uploads\\\/2025\\\/05\\\/cropped-favicon_TD.png\",\"contentUrl\":\"https:\\\/\\\/freier-redner-thomas-daamen.de\\\/wp-content\\\/uploads\\\/2025\\\/05\\\/cropped-favicon_TD.png\",\"width\":512,\"height\":512,\"caption\":\"admin\"},\"logo\":{\"@id\":\"https:\\\/\\\/freier-redner-thomas-daamen.de\\\/wp-content\\\/uploads\\\/2025\\\/05\\\/cropped-favicon_TD.png\"},\"sameAs\":[\"https:\\\/\\\/freier-redner-thomas-daamen.de\",\"https:\\\/\\\/www.facebook.com\\\/thomas.daamen.14\",\"https:\\\/\\\/www.instagram.com\\\/chico.bravo_\\\/\",\"https:\\\/\\\/www.linkedin.com\\\/in\\\/thomas-daamen\\\/\"]}]}<\/script>\n<!-- \/ Yoast SEO plugin. -->","yoast_head_json":{"title":"FAQ - h\u00e4ufige Fragen - zu Freie Trauung und Trauerfeier - Thomas Daamen | Zertifizierter Freier Redner (ZFR) | Freier Redner (IHK)","description":"FAQs Freie Trauung, Trauerfeier, Kinderwillkommensfest & Jubil\u00e4um - Thomas Daamen | Zertifizierter Freier Redner (ZFR) | Freier Redner (IHK)","robots":{"index":"index","follow":"follow","max-snippet":"max-snippet:-1","max-image-preview":"max-image-preview:large","max-video-preview":"max-video-preview:-1"},"canonical":"https:\/\/freier-redner-thomas-daamen.de\/en\/faq\/","og_locale":"en_US","og_type":"article","og_title":"FAQ - h\u00e4ufige Fragen - zu Freie Trauung und Trauerfeier - Thomas Daamen | Zertifizierter Freier Redner (ZFR) | Freier Redner (IHK)","og_description":"FAQs Freie Trauung, Trauerfeier, Kinderwillkommensfest & Jubil\u00e4um - Thomas Daamen | Zertifizierter Freier Redner (ZFR) | Freier Redner (IHK)","og_url":"https:\/\/freier-redner-thomas-daamen.de\/en\/faq\/","og_site_name":"Thomas Daamen | Zertifizierter Freier Redner (ZFR) | Freier Redner (IHK)","article_publisher":"https:\/\/www.facebook.com\/thomas.daamen.14","article_modified_time":"2025-10-21T19:57:41+00:00","og_image":[{"width":1909,"height":538,"url":"https:\/\/freier-redner-thomas-daamen.de\/wp-content\/uploads\/2025\/05\/faq_header.jpg","type":"image\/jpeg"}],"twitter_card":"summary_large_image","twitter_misc":{"Est. reading time":"4 minutes"},"schema":{"@context":"https:\/\/schema.org","@graph":[{"@type":["WebPage","FAQPage"],"@id":"https:\/\/freier-redner-thomas-daamen.de\/faq\/","url":"https:\/\/freier-redner-thomas-daamen.de\/faq\/","name":"FAQ - h\u00e4ufige Fragen - zu Freie Trauung und Trauerfeier - Thomas Daamen | Zertifizierter Freier Redner (ZFR) | Freier Redner (IHK)","isPartOf":{"@id":"https:\/\/freier-redner-thomas-daamen.de\/#website"},"primaryImageOfPage":{"@id":"https:\/\/freier-redner-thomas-daamen.de\/faq\/#primaryimage"},"image":{"@id":"https:\/\/freier-redner-thomas-daamen.de\/faq\/#primaryimage"},"thumbnailUrl":"https:\/\/freier-redner-thomas-daamen.de\/wp-content\/uploads\/2025\/05\/faq_header-1024x289.jpg","datePublished":"2024-10-09T15:14:58+00:00","dateModified":"2025-10-21T19:57:41+00:00","description":"FAQs Freie Trauung, Trauerfeier, Kinderwillkommensfest & Jubil\u00e4um - Thomas Daamen | Zertifizierter Freier Redner (ZFR) | Freier Redner (IHK)","breadcrumb":{"@id":"https:\/\/freier-redner-thomas-daamen.de\/faq\/#breadcrumb"},"inLanguage":"en-US","potentialAction":[{"@type":"ReadAction","target":["https:\/\/freier-redner-thomas-daamen.de\/faq\/"]}]},{"@type":"ImageObject","inLanguage":"en-US","@id":"https:\/\/freier-redner-thomas-daamen.de\/faq\/#primaryimage","url":"https:\/\/freier-redner-thomas-daamen.de\/wp-content\/uploads\/2025\/05\/faq_header-1024x289.jpg","contentUrl":"https:\/\/freier-redner-thomas-daamen.de\/wp-content\/uploads\/2025\/05\/faq_header-1024x289.jpg"},{"@type":"BreadcrumbList","@id":"https:\/\/freier-redner-thomas-daamen.de\/faq\/#breadcrumb","itemListElement":[{"@type":"ListItem","position":1,"name":"Startseite","item":"https:\/\/freier-redner-thomas-daamen.de\/"},{"@type":"ListItem","position":2,"name":"FAQ &#8211; h\u00e4ufige Fragen"}]},{"@type":"WebSite","@id":"https:\/\/freier-redner-thomas-daamen.de\/#website","url":"https:\/\/freier-redner-thomas-daamen.de\/","name":"Thomas Daamen | Certified Celebrant (ZFR) | Celebrant (IHK)","description":"Hochzeitsredner Trauredner Trauerredner in M&uuml;nchen und Bayern","publisher":{"@id":"https:\/\/freier-redner-thomas-daamen.de\/#\/schema\/person\/0905f51c6fa3b02c1828397d130b28c6"},"potentialAction":[{"@type":"SearchAction","target":{"@type":"EntryPoint","urlTemplate":"https:\/\/freier-redner-thomas-daamen.de\/?s={search_term_string}"},"query-input":{"@type":"PropertyValueSpecification","valueRequired":true,"valueName":"search_term_string"}}],"inLanguage":"en-US"},{"@type":["Person","Organization"],"@id":"https:\/\/freier-redner-thomas-daamen.de\/#\/schema\/person\/0905f51c6fa3b02c1828397d130b28c6","name":"admin","image":{"@type":"ImageObject","inLanguage":"en-US","@id":"https:\/\/freier-redner-thomas-daamen.de\/wp-content\/uploads\/2025\/05\/cropped-favicon_TD.png","url":"https:\/\/freier-redner-thomas-daamen.de\/wp-content\/uploads\/2025\/05\/cropped-favicon_TD.png","contentUrl":"https:\/\/freier-redner-thomas-daamen.de\/wp-content\/uploads\/2025\/05\/cropped-favicon_TD.png","width":512,"height":512,"caption":"admin"},"logo":{"@id":"https:\/\/freier-redner-thomas-daamen.de\/wp-content\/uploads\/2025\/05\/cropped-favicon_TD.png"},"sameAs":["https:\/\/freier-redner-thomas-daamen.de","https:\/\/www.facebook.com\/thomas.daamen.14","https:\/\/www.instagram.com\/chico.bravo_\/","https:\/\/www.linkedin.com\/in\/thomas-daamen\/"]}]}},"_links":{"self":[{"href":"https:\/\/freier-redner-thomas-daamen.de\/en\/wp-json\/wp\/v2\/pages\/16","targetHints":{"allow":["GET"]}}],"collection":[{"href":"https:\/\/freier-redner-thomas-daamen.de\/en\/wp-json\/wp\/v2\/pages"}],"about":[{"href":"https:\/\/freier-redner-thomas-daamen.de\/en\/wp-json\/wp\/v2\/types\/page"}],"author":[{"embeddable":true,"href":"https:\/\/freier-redner-thomas-daamen.de\/en\/wp-json\/wp\/v2\/users\/1"}],"replies":[{"embeddable":true,"href":"https:\/\/freier-redner-thomas-daamen.de\/en\/wp-json\/wp\/v2\/comments?post=16"}],"version-history":[{"count":45,"href":"https:\/\/freier-redner-thomas-daamen.de\/en\/wp-json\/wp\/v2\/pages\/16\/revisions"}],"predecessor-version":[{"id":1039,"href":"https:\/\/freier-redner-thomas-daamen.de\/en\/wp-json\/wp\/v2\/pages\/16\/revisions\/1039"}],"wp:attachment":[{"href":"https:\/\/freier-redner-thomas-daamen.de\/en\/wp-json\/wp\/v2\/media?parent=16"}],"curies":[{"name":"wp","href":"https:\/\/api.w.org\/{rel}","templated":true}]}}