{"id":11,"date":"2024-10-09T15:14:57","date_gmt":"2024-10-09T15:14:57","guid":{"rendered":"https:\/\/freier-redner-thomas-daamen.de\/ueber\/"},"modified":"2025-10-21T19:51:23","modified_gmt":"2025-10-21T19:51:23","slug":"ueber-mich","status":"publish","type":"page","link":"https:\/\/freier-redner-thomas-daamen.de\/en\/ueber-mich\/","title":{"rendered":"\u00dcber Thomas Daamen"},"content":{"rendered":"<figure class=\"wp-block-image size-large\"><img loading=\"lazy\" decoding=\"async\" width=\"1024\" height=\"289\" src=\"https:\/\/freier-redner-thomas-daamen.de\/wp-content\/uploads\/2025\/05\/koeln-dom-1024x289.jpg\" alt=\"\" class=\"wp-image-945\" srcset=\"https:\/\/freier-redner-thomas-daamen.de\/wp-content\/uploads\/2025\/05\/koeln-dom-1024x289.jpg 1024w, https:\/\/freier-redner-thomas-daamen.de\/wp-content\/uploads\/2025\/05\/koeln-dom-300x85.jpg 300w, https:\/\/freier-redner-thomas-daamen.de\/wp-content\/uploads\/2025\/05\/koeln-dom-768x216.jpg 768w, https:\/\/freier-redner-thomas-daamen.de\/wp-content\/uploads\/2025\/05\/koeln-dom-1536x433.jpg 1536w, https:\/\/freier-redner-thomas-daamen.de\/wp-content\/uploads\/2025\/05\/koeln-dom-18x5.jpg 18w, https:\/\/freier-redner-thomas-daamen.de\/wp-content\/uploads\/2025\/05\/koeln-dom.jpg 1909w\" sizes=\"auto, (max-width: 1024px) 100vw, 1024px\" \/><\/figure>\n\n\n\n<div class=\"wp-block-group alignfull has-tertiary-background-color has-background has-global-padding is-layout-constrained wp-container-core-group-is-layout-7276a2bb wp-block-group-is-layout-constrained\" id=\"ueber-uns\" style=\"margin-top:0;margin-bottom:0;padding-top:var(--wp--preset--spacing--60);padding-right:var(--wp--preset--spacing--30);padding-bottom:var(--wp--preset--spacing--60);padding-left:var(--wp--preset--spacing--30)\">\n<h2 class=\"wp-block-heading\">Here for you as a celebrant<\/h2>\n\n\n\n<p>My name is Thomas Daamen. As an exile from Cologne and a self-confessed Rhinelander, I was literally born with a zest for life, humor and empathy. And curiosity. And having the last word.<\/p>\n\n\n\n<figure class=\"wp-block-image size-full is-resized\"><img loading=\"lazy\" decoding=\"async\" width=\"660\" height=\"440\" src=\"https:\/\/freier-redner-thomas-daamen.de\/wp-content\/uploads\/2025\/09\/Thomas-Daamen-660px.jpg\" alt=\"\" class=\"wp-image-1080\" style=\"width:660px\" srcset=\"https:\/\/freier-redner-thomas-daamen.de\/wp-content\/uploads\/2025\/09\/Thomas-Daamen-660px.jpg 660w, https:\/\/freier-redner-thomas-daamen.de\/wp-content\/uploads\/2025\/09\/Thomas-Daamen-660px-300x200.jpg 300w, https:\/\/freier-redner-thomas-daamen.de\/wp-content\/uploads\/2025\/09\/Thomas-Daamen-660px-18x12.jpg 18w\" sizes=\"auto, (max-width: 660px) 100vw, 660px\" \/><\/figure>\n\n\n\n<p>People and their stories, their approaches and motivations, their experiences and the conclusions they draw from them have fascinated me for as long as I can remember. It's exciting for me to observe these interpersonal relationships and recognize patterns. That's the real substance for storytelling! This is the basis for your speech.<br>It's certainly no coincidence that I ended up in marketing and sales as or despite being an industrial engineer. What counts here is being able to engage quickly with other people, read your counterpart and intuitively draw the right conclusions. You will therefore hear me ask \u201cWhy?\u201d or \u201cWhat does this mean for you?\u201d much more often than we deal with a chronology of events.<\/p>\n\n\n\n<p>After 20+ years in global corporations, most recently as Marketing Director in Italy and Germany, the time had come for me to make a change. For more meaning, depth and the motivation to make a direct difference for people. For over 3 years now, as a family man, I have been taking care of our three children (10 years old and the twins 4 years old) full-time. And I dedicate myself to my true calling: public speaking.<\/p>\n<\/div>\n\n\n\n<div class=\"wp-block-group alignfull has-tertiary-background-color has-background has-global-padding is-layout-constrained wp-container-core-group-is-layout-2b66b7a6 wp-block-group-is-layout-constrained\" style=\"padding-top:var(--wp--preset--spacing--60);padding-bottom:var(--wp--preset--spacing--60)\">\n<h2 class=\"wp-block-heading has-text-align-center has-large-font-size\" style=\"margin-top:0px;margin-bottom:1rem\">You have the feeling that I am the right person for you?<\/h2>\n\n\n\n<p class=\"has-text-align-center\">Then let's get going! I look forward to your appointment request.<\/p>\n\n\n\n<div class=\"wp-block-buttons is-content-justification-center is-layout-flex wp-container-core-buttons-is-layout-41f55948 wp-block-buttons-is-layout-flex\" style=\"margin-top:3rem\">\n<div class=\"wp-block-button\"><a class=\"wp-block-button__link wp-element-button\" href=\"\/en\/kontakt\/\">MAKE AN APPOINTMENT<\/a><\/div>\n<\/div>\n<\/div>\n\n\n\n<div style=\"height:49px\" aria-hidden=\"true\" class=\"wp-block-spacer\"><\/div>\n\n\n\n<div class=\"wp-block-group alignfull has-global-padding is-layout-constrained wp-block-group-is-layout-constrained\">\n<div class=\"wp-block-group is-layout-flow wp-container-core-group-is-layout-47e5a185 wp-block-group-is-layout-flow\">\n<h2 class=\"wp-block-heading has-text-align-center has-huge-font-size\" style=\"margin-bottom:1rem\">Professional Education and Certifications<\/h2>\n\n\n\n<p class=\"has-text-align-center\"><\/p>\n\n\n\n<p class=\"has-text-align-center\"><\/p>\n<\/div>\n\n\n\n<div class=\"wp-block-columns alignwide is-layout-flex wp-container-core-columns-is-layout-f415f12b wp-block-columns-is-layout-flex\" style=\"margin-top:48px\">\n<div class=\"wp-block-column has-tertiary-background-color has-background is-layout-flow wp-container-core-column-is-layout-47e5a185 wp-block-column-is-layout-flow\">\n<figure class=\"wp-block-image aligncenter size-medium is-resized ext-aspect-landscape is-style-default\"><img loading=\"lazy\" decoding=\"async\" width=\"223\" height=\"300\" src=\"https:\/\/freier-redner-thomas-daamen.de\/wp-content\/uploads\/2024\/10\/Logo-Ausgebildet-von-FR-2-223x300.jpg\" alt=\"\" class=\"wp-image-366\" style=\"width:auto;height:500px\" srcset=\"https:\/\/freier-redner-thomas-daamen.de\/wp-content\/uploads\/2024\/10\/Logo-Ausgebildet-von-FR-2-223x300.jpg 223w, https:\/\/freier-redner-thomas-daamen.de\/wp-content\/uploads\/2024\/10\/Logo-Ausgebildet-von-FR-2-762x1024.jpg 762w, https:\/\/freier-redner-thomas-daamen.de\/wp-content\/uploads\/2024\/10\/Logo-Ausgebildet-von-FR-2-768x1032.jpg 768w, https:\/\/freier-redner-thomas-daamen.de\/wp-content\/uploads\/2024\/10\/Logo-Ausgebildet-von-FR-2.jpg 1042w\" sizes=\"auto, (max-width: 223px) 100vw, 223px\" \/><\/figure>\n\n\n\n<div class=\"wp-block-group is-layout-flow wp-container-core-group-is-layout-491aba35 wp-block-group-is-layout-flow\" style=\"margin-top:0;padding-top:var(--wp--preset--spacing--30);padding-right:var(--wp--preset--spacing--30);padding-bottom:var(--wp--preset--spacing--30);padding-left:var(--wp--preset--spacing--30)\">\n<h5 class=\"wp-block-heading\" style=\"font-size:clamp(14.082px, 0.88rem + ((1vw - 3.2px) * 0.721), 21px);font-style:normal;font-weight:700;text-transform:capitalize\">Education <a href=\"https:\/\/www.freieredner.com\/\" target=\"_blank\" rel=\"noopener\" title=\"\">Freie Redner<\/a><\/h5>\n\n\n\n<p class=\"has-small-font-size\">Education at \"<a href=\"https:\/\/www.freieredner.com\/\" target=\"_blank\" rel=\"noopener\" title=\"\">FREI-E RED-NER-INNEN<\/a>\u201c laid the foundation. Today, continuous knowledge transfer in my personal network of independent speakers ensures that all my ceremonies have always received the finishing touches.<\/p>\n<\/div>\n<\/div>\n\n\n\n<div class=\"wp-block-column has-tertiary-background-color has-background is-layout-flow wp-container-core-column-is-layout-47e5a185 wp-block-column-is-layout-flow\">\n<figure class=\"wp-block-image aligncenter size-medium is-resized ext-aspect-landscape\"><img loading=\"lazy\" decoding=\"async\" width=\"212\" height=\"300\" src=\"https:\/\/freier-redner-thomas-daamen.de\/wp-content\/uploads\/2024\/10\/2024_07-Zertifikat-IHK-Thomas-front-212x300.jpg\" alt=\"\" class=\"wp-image-368\" style=\"width:auto;height:500px\" srcset=\"https:\/\/freier-redner-thomas-daamen.de\/wp-content\/uploads\/2024\/10\/2024_07-Zertifikat-IHK-Thomas-front-212x300.jpg 212w, https:\/\/freier-redner-thomas-daamen.de\/wp-content\/uploads\/2024\/10\/2024_07-Zertifikat-IHK-Thomas-front-725x1024.jpg 725w, https:\/\/freier-redner-thomas-daamen.de\/wp-content\/uploads\/2024\/10\/2024_07-Zertifikat-IHK-Thomas-front-768x1085.jpg 768w, https:\/\/freier-redner-thomas-daamen.de\/wp-content\/uploads\/2024\/10\/2024_07-Zertifikat-IHK-Thomas-front-1087x1536.jpg 1087w, https:\/\/freier-redner-thomas-daamen.de\/wp-content\/uploads\/2024\/10\/2024_07-Zertifikat-IHK-Thomas-front-1449x2048.jpg 1449w, https:\/\/freier-redner-thomas-daamen.de\/wp-content\/uploads\/2024\/10\/2024_07-Zertifikat-IHK-Thomas-front-scaled.jpg 1812w\" sizes=\"auto, (max-width: 212px) 100vw, 212px\" \/><\/figure>\n\n\n\n<div class=\"wp-block-group is-layout-flow wp-container-core-group-is-layout-491aba35 wp-block-group-is-layout-flow\" style=\"margin-top:0;padding-top:var(--wp--preset--spacing--30);padding-right:var(--wp--preset--spacing--30);padding-bottom:var(--wp--preset--spacing--30);padding-left:var(--wp--preset--spacing--30)\">\n<h5 class=\"wp-block-heading\" style=\"font-size:clamp(14.082px, 0.88rem + ((1vw - 3.2px) * 0.721), 21px);font-style:normal;font-weight:700;text-transform:capitalize\">Graduation <a href=\"https:\/\/www.ihk.de\/rhein-neckar\/\" target=\"_blank\" rel=\"noopener\" title=\"\">IHK Rhein-Neckar<\/a><\/h5>\n\n\n\n<p class=\"has-small-font-size\">Independent speakers literally learn a handcraft - or at least that's how it should be! The quality seal of <a href=\"https:\/\/www.ihk.de\/rhein-neckar\/\" target=\"_blank\" rel=\"noopener\" title=\"\">IHK <\/a>(Chamber of Industry and Commerce) shows that you are working with a professional who has learned the art of public speaking by hand and has passed the examination.<\/p>\n<\/div>\n<\/div>\n\n\n\n<div class=\"wp-block-column has-tertiary-background-color has-background is-layout-flow wp-container-core-column-is-layout-47e5a185 wp-block-column-is-layout-flow\">\n<figure class=\"wp-block-image aligncenter size-medium is-resized ext-aspect-landscape\"><a href=\"https:\/\/zertifizierung.wifi.at\/zertifizierungwifiat\/personenzertifkate\/wifi-personenzertifikate\" target=\"_blank\" rel=\"noreferrer noopener\"><img loading=\"lazy\" decoding=\"async\" width=\"212\" height=\"300\" src=\"https:\/\/freier-redner-thomas-daamen.de\/wp-content\/uploads\/2024\/10\/2024_07-Zertifikat-WKO-Thomas-front--212x300.jpg\" alt=\"\" class=\"wp-image-375\" style=\"width:auto;height:500px\" srcset=\"https:\/\/freier-redner-thomas-daamen.de\/wp-content\/uploads\/2024\/10\/2024_07-Zertifikat-WKO-Thomas-front--212x300.jpg 212w, https:\/\/freier-redner-thomas-daamen.de\/wp-content\/uploads\/2024\/10\/2024_07-Zertifikat-WKO-Thomas-front--725x1024.jpg 725w, https:\/\/freier-redner-thomas-daamen.de\/wp-content\/uploads\/2024\/10\/2024_07-Zertifikat-WKO-Thomas-front--768x1085.jpg 768w, https:\/\/freier-redner-thomas-daamen.de\/wp-content\/uploads\/2024\/10\/2024_07-Zertifikat-WKO-Thomas-front--1087x1536.jpg 1087w, https:\/\/freier-redner-thomas-daamen.de\/wp-content\/uploads\/2024\/10\/2024_07-Zertifikat-WKO-Thomas-front--1449x2048.jpg 1449w, https:\/\/freier-redner-thomas-daamen.de\/wp-content\/uploads\/2024\/10\/2024_07-Zertifikat-WKO-Thomas-front--scaled.jpg 1812w\" sizes=\"auto, (max-width: 212px) 100vw, 212px\" \/><\/a><\/figure>\n\n\n\n<div class=\"wp-block-group is-layout-flow wp-container-core-group-is-layout-491aba35 wp-block-group-is-layout-flow\" style=\"margin-top:0;padding-top:var(--wp--preset--spacing--30);padding-right:var(--wp--preset--spacing--30);padding-bottom:var(--wp--preset--spacing--30);padding-left:var(--wp--preset--spacing--30)\">\n<h5 class=\"wp-block-heading\" style=\"font-size:clamp(14.082px, 0.88rem + ((1vw - 3.2px) * 0.721), 21px);font-style:normal;font-weight:700;text-transform:capitalize\"><a href=\"https:\/\/zertifizierung.wifi.at\/zertifizierungwifiat\/personenzertifkate\/wifi-personenzertifikate\" target=\"_blank\" rel=\"noopener\" title=\"\">EU Certification WKO<\/a><\/h5>\n\n\n\n<p class=\"has-small-font-size\">The personal certification of the <a href=\"https:\/\/zertifizierung.wifi.at\/zertifizierungwifiat\/personenzertifkate\/wifi-personenzertifikate\" target=\"_blank\" rel=\"noopener\" title=\"\">Austrian Chamber of Commerce (WKO)<\/a> is the highest EU-wide recognized qualification for independent speakers. For recertification, proof of regular further training must also be provided.<\/p>\n<\/div>\n<\/div>\n<\/div>\n\n\n\n<div style=\"height:51px\" aria-hidden=\"true\" class=\"wp-block-spacer\"><\/div>\n<\/div>\n\n\n\n<div class=\"wp-block-group alignfull has-tertiary-background-color has-background has-global-padding is-layout-constrained wp-container-core-group-is-layout-2b66b7a6 wp-block-group-is-layout-constrained\" style=\"padding-top:var(--wp--preset--spacing--60);padding-bottom:var(--wp--preset--spacing--60)\">\n<h6 class=\"wp-block-heading has-text-align-center has-small-font-size\"><\/h6>\n\n\n\n<h2 class=\"wp-block-heading has-text-align-center has-large-font-size\" style=\"margin-top:0px;margin-bottom:1rem\">Get to know each other without obligation<\/h2>\n\n\n\n<p class=\"has-text-align-center\">Would you like to figure out whether we are a good match?<\/p>\n\n\n\n<div class=\"wp-block-buttons is-content-justification-center is-layout-flex wp-container-core-buttons-is-layout-41f55948 wp-block-buttons-is-layout-flex\" style=\"margin-top:3rem\">\n<div class=\"wp-block-button\"><a class=\"wp-block-button__link wp-element-button\" href=\"\/en\/kontakt\/\">ARRANGE TO MEET<\/a><\/div>\n<\/div>\n<\/div>","protected":false},"excerpt":{"rendered":"<p>Als Freier Redner f\u00fcr Euch da Mein Name ist Thomas Daamen. Als Exil-K\u00f6lner und bekennender Rheinl\u00e4nder wurden mir Lebensfreude, Humor und Empathie buchst\u00e4blich in die Wiege gelegt. Und Neugierde. Und das letzte Wort zu haben. Menschen und ihre Geschichten, ihre Ans\u00e4tze und Beweggr\u00fcnde, ihre Erfahrungen und Schl\u00fcsse daraus faszinieren mich, seit ich denken kann. Es [&hellip;]<\/p>\n","protected":false},"author":1,"featured_media":0,"parent":0,"menu_order":0,"comment_status":"closed","ping_status":"closed","template":"no-title","meta":{"footnotes":""},"class_list":["post-11","page","type-page","status-publish","hentry"],"yoast_head":"<!-- This site is optimized with the Yoast SEO plugin v27.3 - https:\/\/yoast.com\/product\/yoast-seo-wordpress\/ -->\n<title>\u00dcber Thomas Daamen - Freier Redner, Trauredner, Hochzeitsredner - Thomas Daamen | Zertifizierter Freier Redner (ZFR) | Freier Redner (IHK)<\/title>\n<meta name=\"description\" content=\"Freier Redner - Hochzeitsredner &amp; Trauredner - Trauerredner - Thomas Daamen | Zertifizierter Freier Redner (ZFR) | Freier Redner (IHK)\" \/>\n<meta name=\"robots\" content=\"index, follow, max-snippet:-1, max-image-preview:large, max-video-preview:-1\" \/>\n<link rel=\"canonical\" href=\"https:\/\/freier-redner-thomas-daamen.de\/en\/ueber-mich\/\" \/>\n<meta property=\"og:locale\" content=\"en_US\" \/>\n<meta property=\"og:type\" content=\"article\" \/>\n<meta property=\"og:title\" content=\"\u00dcber Thomas Daamen - Freier Redner, Trauredner, Hochzeitsredner - Thomas Daamen | Zertifizierter Freier Redner (ZFR) | Freier Redner (IHK)\" \/>\n<meta property=\"og:description\" content=\"Freier Redner - Hochzeitsredner &amp; Trauredner - Trauerredner - Thomas Daamen | Zertifizierter Freier Redner (ZFR) | Freier Redner (IHK)\" \/>\n<meta property=\"og:url\" content=\"https:\/\/freier-redner-thomas-daamen.de\/en\/ueber-mich\/\" \/>\n<meta property=\"og:site_name\" content=\"Thomas Daamen | Zertifizierter Freier Redner (ZFR) | Freier Redner (IHK)\" \/>\n<meta property=\"article:publisher\" content=\"https:\/\/www.facebook.com\/thomas.daamen.14\" \/>\n<meta property=\"article:modified_time\" content=\"2025-10-21T19:51:23+00:00\" \/>\n<meta property=\"og:image\" content=\"https:\/\/freier-redner-thomas-daamen.de\/wp-content\/uploads\/2025\/05\/koeln-dom.jpg\" \/>\n\t<meta property=\"og:image:width\" content=\"1909\" \/>\n\t<meta property=\"og:image:height\" content=\"538\" \/>\n\t<meta property=\"og:image:type\" content=\"image\/jpeg\" \/>\n<meta name=\"twitter:card\" content=\"summary_large_image\" \/>\n<meta name=\"twitter:label1\" content=\"Est. reading time\" \/>\n\t<meta name=\"twitter:data1\" content=\"3 minutes\" \/>\n<script type=\"application\/ld+json\" class=\"yoast-schema-graph\">{\"@context\":\"https:\\\/\\\/schema.org\",\"@graph\":[{\"@type\":\"WebPage\",\"@id\":\"https:\\\/\\\/freier-redner-thomas-daamen.de\\\/ueber-mich\\\/\",\"url\":\"https:\\\/\\\/freier-redner-thomas-daamen.de\\\/ueber-mich\\\/\",\"name\":\"\u00dcber Thomas Daamen - Freier Redner, Trauredner, Hochzeitsredner - Thomas Daamen | Zertifizierter Freier Redner (ZFR) | Freier Redner (IHK)\",\"isPartOf\":{\"@id\":\"https:\\\/\\\/freier-redner-thomas-daamen.de\\\/#website\"},\"primaryImageOfPage\":{\"@id\":\"https:\\\/\\\/freier-redner-thomas-daamen.de\\\/ueber-mich\\\/#primaryimage\"},\"image\":{\"@id\":\"https:\\\/\\\/freier-redner-thomas-daamen.de\\\/ueber-mich\\\/#primaryimage\"},\"thumbnailUrl\":\"https:\\\/\\\/freier-redner-thomas-daamen.de\\\/wp-content\\\/uploads\\\/2025\\\/05\\\/koeln-dom-1024x289.jpg\",\"datePublished\":\"2024-10-09T15:14:57+00:00\",\"dateModified\":\"2025-10-21T19:51:23+00:00\",\"description\":\"Freier Redner - Hochzeitsredner & Trauredner - Trauerredner - Thomas Daamen | Zertifizierter Freier Redner (ZFR) | Freier Redner (IHK)\",\"breadcrumb\":{\"@id\":\"https:\\\/\\\/freier-redner-thomas-daamen.de\\\/ueber-mich\\\/#breadcrumb\"},\"inLanguage\":\"en-US\",\"potentialAction\":[{\"@type\":\"ReadAction\",\"target\":[\"https:\\\/\\\/freier-redner-thomas-daamen.de\\\/ueber-mich\\\/\"]}]},{\"@type\":\"ImageObject\",\"inLanguage\":\"en-US\",\"@id\":\"https:\\\/\\\/freier-redner-thomas-daamen.de\\\/ueber-mich\\\/#primaryimage\",\"url\":\"https:\\\/\\\/freier-redner-thomas-daamen.de\\\/wp-content\\\/uploads\\\/2025\\\/05\\\/koeln-dom-1024x289.jpg\",\"contentUrl\":\"https:\\\/\\\/freier-redner-thomas-daamen.de\\\/wp-content\\\/uploads\\\/2025\\\/05\\\/koeln-dom-1024x289.jpg\"},{\"@type\":\"BreadcrumbList\",\"@id\":\"https:\\\/\\\/freier-redner-thomas-daamen.de\\\/ueber-mich\\\/#breadcrumb\",\"itemListElement\":[{\"@type\":\"ListItem\",\"position\":1,\"name\":\"Startseite\",\"item\":\"https:\\\/\\\/freier-redner-thomas-daamen.de\\\/\"},{\"@type\":\"ListItem\",\"position\":2,\"name\":\"\u00dcber Thomas Daamen\"}]},{\"@type\":\"WebSite\",\"@id\":\"https:\\\/\\\/freier-redner-thomas-daamen.de\\\/#website\",\"url\":\"https:\\\/\\\/freier-redner-thomas-daamen.de\\\/\",\"name\":\"Thomas Daamen | Zertifizierter Freier Redner (ZFR) | Freier Redner (IHK)\",\"description\":\"Hochzeitsredner Trauredner Trauerredner in M&uuml;nchen und Bayern\",\"publisher\":{\"@id\":\"https:\\\/\\\/freier-redner-thomas-daamen.de\\\/#\\\/schema\\\/person\\\/0905f51c6fa3b02c1828397d130b28c6\"},\"potentialAction\":[{\"@type\":\"SearchAction\",\"target\":{\"@type\":\"EntryPoint\",\"urlTemplate\":\"https:\\\/\\\/freier-redner-thomas-daamen.de\\\/?s={search_term_string}\"},\"query-input\":{\"@type\":\"PropertyValueSpecification\",\"valueRequired\":true,\"valueName\":\"search_term_string\"}}],\"inLanguage\":\"en-US\"},{\"@type\":[\"Person\",\"Organization\"],\"@id\":\"https:\\\/\\\/freier-redner-thomas-daamen.de\\\/#\\\/schema\\\/person\\\/0905f51c6fa3b02c1828397d130b28c6\",\"name\":\"admin\",\"image\":{\"@type\":\"ImageObject\",\"inLanguage\":\"en-US\",\"@id\":\"https:\\\/\\\/freier-redner-thomas-daamen.de\\\/wp-content\\\/uploads\\\/2025\\\/05\\\/cropped-favicon_TD.png\",\"url\":\"https:\\\/\\\/freier-redner-thomas-daamen.de\\\/wp-content\\\/uploads\\\/2025\\\/05\\\/cropped-favicon_TD.png\",\"contentUrl\":\"https:\\\/\\\/freier-redner-thomas-daamen.de\\\/wp-content\\\/uploads\\\/2025\\\/05\\\/cropped-favicon_TD.png\",\"width\":512,\"height\":512,\"caption\":\"admin\"},\"logo\":{\"@id\":\"https:\\\/\\\/freier-redner-thomas-daamen.de\\\/wp-content\\\/uploads\\\/2025\\\/05\\\/cropped-favicon_TD.png\"},\"sameAs\":[\"https:\\\/\\\/freier-redner-thomas-daamen.de\",\"https:\\\/\\\/www.facebook.com\\\/thomas.daamen.14\",\"https:\\\/\\\/www.instagram.com\\\/chico.bravo_\\\/\",\"https:\\\/\\\/www.linkedin.com\\\/in\\\/thomas-daamen\\\/\"]}]}<\/script>\n<!-- \/ Yoast SEO plugin. -->","yoast_head_json":{"title":"\u00dcber Thomas Daamen - Freier Redner, Trauredner, Hochzeitsredner - Thomas Daamen | Zertifizierter Freier Redner (ZFR) | Freier Redner (IHK)","description":"Freier Redner - Hochzeitsredner & Trauredner - Trauerredner - Thomas Daamen | Zertifizierter Freier Redner (ZFR) | Freier Redner (IHK)","robots":{"index":"index","follow":"follow","max-snippet":"max-snippet:-1","max-image-preview":"max-image-preview:large","max-video-preview":"max-video-preview:-1"},"canonical":"https:\/\/freier-redner-thomas-daamen.de\/en\/ueber-mich\/","og_locale":"en_US","og_type":"article","og_title":"\u00dcber Thomas Daamen - Freier Redner, Trauredner, Hochzeitsredner - Thomas Daamen | Zertifizierter Freier Redner (ZFR) | Freier Redner (IHK)","og_description":"Freier Redner - Hochzeitsredner & Trauredner - Trauerredner - Thomas Daamen | Zertifizierter Freier Redner (ZFR) | Freier Redner (IHK)","og_url":"https:\/\/freier-redner-thomas-daamen.de\/en\/ueber-mich\/","og_site_name":"Thomas Daamen | Zertifizierter Freier Redner (ZFR) | Freier Redner (IHK)","article_publisher":"https:\/\/www.facebook.com\/thomas.daamen.14","article_modified_time":"2025-10-21T19:51:23+00:00","og_image":[{"width":1909,"height":538,"url":"https:\/\/freier-redner-thomas-daamen.de\/wp-content\/uploads\/2025\/05\/koeln-dom.jpg","type":"image\/jpeg"}],"twitter_card":"summary_large_image","twitter_misc":{"Est. reading time":"3 minutes"},"schema":{"@context":"https:\/\/schema.org","@graph":[{"@type":"WebPage","@id":"https:\/\/freier-redner-thomas-daamen.de\/ueber-mich\/","url":"https:\/\/freier-redner-thomas-daamen.de\/ueber-mich\/","name":"\u00dcber Thomas Daamen - Freier Redner, Trauredner, Hochzeitsredner - Thomas Daamen | Zertifizierter Freier Redner (ZFR) | Freier Redner (IHK)","isPartOf":{"@id":"https:\/\/freier-redner-thomas-daamen.de\/#website"},"primaryImageOfPage":{"@id":"https:\/\/freier-redner-thomas-daamen.de\/ueber-mich\/#primaryimage"},"image":{"@id":"https:\/\/freier-redner-thomas-daamen.de\/ueber-mich\/#primaryimage"},"thumbnailUrl":"https:\/\/freier-redner-thomas-daamen.de\/wp-content\/uploads\/2025\/05\/koeln-dom-1024x289.jpg","datePublished":"2024-10-09T15:14:57+00:00","dateModified":"2025-10-21T19:51:23+00:00","description":"Freier Redner - Hochzeitsredner & Trauredner - Trauerredner - Thomas Daamen | Zertifizierter Freier Redner (ZFR) | Freier Redner (IHK)","breadcrumb":{"@id":"https:\/\/freier-redner-thomas-daamen.de\/ueber-mich\/#breadcrumb"},"inLanguage":"en-US","potentialAction":[{"@type":"ReadAction","target":["https:\/\/freier-redner-thomas-daamen.de\/ueber-mich\/"]}]},{"@type":"ImageObject","inLanguage":"en-US","@id":"https:\/\/freier-redner-thomas-daamen.de\/ueber-mich\/#primaryimage","url":"https:\/\/freier-redner-thomas-daamen.de\/wp-content\/uploads\/2025\/05\/koeln-dom-1024x289.jpg","contentUrl":"https:\/\/freier-redner-thomas-daamen.de\/wp-content\/uploads\/2025\/05\/koeln-dom-1024x289.jpg"},{"@type":"BreadcrumbList","@id":"https:\/\/freier-redner-thomas-daamen.de\/ueber-mich\/#breadcrumb","itemListElement":[{"@type":"ListItem","position":1,"name":"Startseite","item":"https:\/\/freier-redner-thomas-daamen.de\/"},{"@type":"ListItem","position":2,"name":"\u00dcber Thomas Daamen"}]},{"@type":"WebSite","@id":"https:\/\/freier-redner-thomas-daamen.de\/#website","url":"https:\/\/freier-redner-thomas-daamen.de\/","name":"Thomas Daamen | Certified Celebrant (ZFR) | Celebrant (IHK)","description":"Hochzeitsredner Trauredner Trauerredner in M&uuml;nchen und Bayern","publisher":{"@id":"https:\/\/freier-redner-thomas-daamen.de\/#\/schema\/person\/0905f51c6fa3b02c1828397d130b28c6"},"potentialAction":[{"@type":"SearchAction","target":{"@type":"EntryPoint","urlTemplate":"https:\/\/freier-redner-thomas-daamen.de\/?s={search_term_string}"},"query-input":{"@type":"PropertyValueSpecification","valueRequired":true,"valueName":"search_term_string"}}],"inLanguage":"en-US"},{"@type":["Person","Organization"],"@id":"https:\/\/freier-redner-thomas-daamen.de\/#\/schema\/person\/0905f51c6fa3b02c1828397d130b28c6","name":"admin","image":{"@type":"ImageObject","inLanguage":"en-US","@id":"https:\/\/freier-redner-thomas-daamen.de\/wp-content\/uploads\/2025\/05\/cropped-favicon_TD.png","url":"https:\/\/freier-redner-thomas-daamen.de\/wp-content\/uploads\/2025\/05\/cropped-favicon_TD.png","contentUrl":"https:\/\/freier-redner-thomas-daamen.de\/wp-content\/uploads\/2025\/05\/cropped-favicon_TD.png","width":512,"height":512,"caption":"admin"},"logo":{"@id":"https:\/\/freier-redner-thomas-daamen.de\/wp-content\/uploads\/2025\/05\/cropped-favicon_TD.png"},"sameAs":["https:\/\/freier-redner-thomas-daamen.de","https:\/\/www.facebook.com\/thomas.daamen.14","https:\/\/www.instagram.com\/chico.bravo_\/","https:\/\/www.linkedin.com\/in\/thomas-daamen\/"]}]}},"_links":{"self":[{"href":"https:\/\/freier-redner-thomas-daamen.de\/en\/wp-json\/wp\/v2\/pages\/11","targetHints":{"allow":["GET"]}}],"collection":[{"href":"https:\/\/freier-redner-thomas-daamen.de\/en\/wp-json\/wp\/v2\/pages"}],"about":[{"href":"https:\/\/freier-redner-thomas-daamen.de\/en\/wp-json\/wp\/v2\/types\/page"}],"author":[{"embeddable":true,"href":"https:\/\/freier-redner-thomas-daamen.de\/en\/wp-json\/wp\/v2\/users\/1"}],"replies":[{"embeddable":true,"href":"https:\/\/freier-redner-thomas-daamen.de\/en\/wp-json\/wp\/v2\/comments?post=11"}],"version-history":[{"count":86,"href":"https:\/\/freier-redner-thomas-daamen.de\/en\/wp-json\/wp\/v2\/pages\/11\/revisions"}],"predecessor-version":[{"id":1082,"href":"https:\/\/freier-redner-thomas-daamen.de\/en\/wp-json\/wp\/v2\/pages\/11\/revisions\/1082"}],"wp:attachment":[{"href":"https:\/\/freier-redner-thomas-daamen.de\/en\/wp-json\/wp\/v2\/media?parent=11"}],"curies":[{"name":"wp","href":"https:\/\/api.w.org\/{rel}","templated":true}]}}